{"id":1042,"date":"2021-06-03T20:27:40","date_gmt":"2021-06-03T23:27:40","guid":{"rendered":"http:\/\/tamburelloseguros.com.br\/?page_id=1042"},"modified":"2021-07-22T18:55:12","modified_gmt":"2021-07-22T21:55:12","slug":"formcotacao-moto","status":"publish","type":"page","link":"https:\/\/tamburelloseguros.com.br\/?page_id=1042","title":{"rendered":"FormCota\u00e7\u00e3o-Moto"},"content":{"rendered":"<h5>Tamburello Corretora de Seguros<\/h5>\n<h1>Moto<\/h1>\n<h3>Nossos canais<\/h3>\n<p>\t\t\t\t<a href=\"http:\/\/api.whatsapp.com\/send?1=pt_BR&#038;phone=5511982310380\"><br \/>\n\t\t\t\t\t\t\t\t<\/a><\/p>\n<h4>\n\t\t\t\t\t<a href=\"http:\/\/api.whatsapp.com\/send?1=pt_BR&#038;phone=5511982310380\">Whatsapp<\/a><br \/>\n\t\t\t\t<\/h4>\n<p>(11) 98758-0000<br \/>(11) 4212-1919<\/p>\n<h4>\n\t\t\t\t\temail<br \/>\n\t\t\t\t<\/h4>\n<p>contato@tamburelloseguros.com.br<\/p>\n<h3>Redes sociais<\/h3>\n<p>\t\t\t\t\t<a href=\"https:\/\/www.facebook.com\/tamburelloseguros\"><br \/>\n\t\t\t\t\t\tFacebook-f<br \/>\n\t\t\t\t\t\t\t\t\t\t\t<\/a><br \/>\n\t\t\t\t\t<a href=\"https:\/\/www.youtube.com\/channel\/UCgE4_XKoaS3mpBqO17VXPzA\"><br \/>\n\t\t\t\t\t\tYoutube<br \/>\n\t\t\t\t\t\t\t\t\t\t\t<\/a><br \/>\n\t\t\t\t\t<a href=\"https:\/\/www.linkedin.com\/company\/69507325\"><br \/>\n\t\t\t\t\t\tLinkedin-in<br \/>\n\t\t\t\t\t\t\t\t\t\t\t<\/a><br \/>\n\t\t\t\t\t<a href=\"https:\/\/www.instagram.com\/tamburelloseguros\/\" target=\"_blank\" rel=\"noopener\"><br \/>\n\t\t\t\t\t\tInstagram<br \/>\n\t\t\t\t\t\t\t\t\t\t\t<\/a><br \/>\n\t\t\t<a href=\"https:\/\/tamburelloseguros.com.br\/?page_id=16\"><br \/>\n\t\t\t\t\t\t<\/a><br \/>\n\t\t\t<a href=\"http:\/\/api.whatsapp.com\/send?1=pt_BR&#038;phone=5511987580000\"><br \/>\n\t\t\t\t\t\t<\/a><\/p>\n<h4>Dados necess\u00e1rios para cota\u00e7\u00e3o<\/h4>\n<h2>Seguro moto<\/h2>\n<p>Sua melhor cota\u00e7\u00e3o em at\u00e9 tr\u00eas seguradoras diferentes<\/p>\n<div class=\"wpforms-container \" id=\"wpforms-1119\"><form id=\"wpforms-form-1119\" class=\"wpforms-validate wpforms-form\" data-formid=\"1119\" method=\"post\" enctype=\"multipart\/form-data\" action=\"\/index.php?rest_route=%2Fwp%2Fv2%2Fpages%2F1042\" data-token=\"173eca8009dad2e12ea10b3cfdff6e76\"><noscript class=\"wpforms-error-noscript\">Please enable JavaScript in your browser to complete this form.<\/noscript><div class=\"wpforms-field-container\"><div id=\"wpforms-1119-field_0-container\" class=\"wpforms-field wpforms-field-name\" data-field-id=\"0\"><label class=\"wpforms-field-label wpforms-label-hide\" for=\"wpforms-1119-field_0\">Name <span class=\"wpforms-required-label\">*<\/span><\/label><input type=\"text\" id=\"wpforms-1119-field_0\" class=\"wpforms-field-medium wpforms-field-required\" name=\"wpforms[fields][0]\" placeholder=\"Name*\" required><\/div><div id=\"wpforms-1119-field_1-container\" class=\"wpforms-field wpforms-field-email\" data-field-id=\"1\"><label class=\"wpforms-field-label wpforms-label-hide\" for=\"wpforms-1119-field_1\">Email <span class=\"wpforms-required-label\">*<\/span><\/label><input type=\"email\" id=\"wpforms-1119-field_1\" class=\"wpforms-field-medium wpforms-field-required\" name=\"wpforms[fields][1]\" placeholder=\"Email*\" required><\/div><div id=\"wpforms-1119-field_3-container\" class=\"wpforms-field wpforms-field-number\" data-field-id=\"3\"><label class=\"wpforms-field-label wpforms-label-hide\" for=\"wpforms-1119-field_3\">(DDD) telefone <span class=\"wpforms-required-label\">*<\/span><\/label><input type=\"number\" pattern=\"\\d*\" id=\"wpforms-1119-field_3\" class=\"wpforms-field-medium wpforms-field-required\" name=\"wpforms[fields][3]\" placeholder=\"(DDD) telefone*\" required><\/div><div id=\"wpforms-1119-field_17-container\" class=\"wpforms-field wpforms-field-number\" data-field-id=\"17\"><input type=\"number\" pattern=\"\\d*\" id=\"wpforms-1119-field_17\" class=\"wpforms-field-medium wpforms-field-required\" name=\"wpforms[fields][17]\" placeholder=\"CPF*\" required><\/div><div id=\"wpforms-1119-field_35-container\" class=\"wpforms-field wpforms-field-text\" data-field-id=\"35\"><input type=\"text\" id=\"wpforms-1119-field_35\" class=\"wpforms-field-medium wpforms-field-required wpforms-limit-characters-enabled\" data-form-id=\"1119\" data-field-id=\"35\" data-text-limit=\"10\" name=\"wpforms[fields][35]\" placeholder=\"Data de nascimento*\" maxlength=\"10\" required><\/div><div id=\"wpforms-1119-field_27-container\" class=\"wpforms-field wpforms-field-select wpforms-field-select-style-classic\" data-field-id=\"27\"><label class=\"wpforms-field-label\" for=\"wpforms-1119-field_27\">Sexo<\/label><select id=\"wpforms-1119-field_27\" class=\"wpforms-field-small\" name=\"wpforms[fields][27]\"><option value=\"\" ><\/option><option value=\"Masculino\" >Masculino<\/option><option value=\"Feminino\" >Feminino<\/option><option value=\"N\u00e3o informar\" >N\u00e3o informar<\/option><\/select><\/div><div id=\"wpforms-1119-field_28-container\" class=\"wpforms-field wpforms-field-select wpforms-field-select-style-classic\" data-field-id=\"28\"><label class=\"wpforms-field-label\" for=\"wpforms-1119-field_28\">Estado civil<\/label><select id=\"wpforms-1119-field_28\" class=\"wpforms-field-small\" name=\"wpforms[fields][28]\"><option value=\"\" ><\/option><option value=\"Solteiro\" >Solteiro<\/option><option value=\"Casado (Ou vive a +2 anos acompanhado)\" >Casado (Ou vive a +2 anos acompanhado)<\/option><option value=\"Vi\u00favo\" >Vi\u00favo<\/option><option value=\"Divorciado ou separado\" >Divorciado ou separado<\/option><option value=\"Outros\" >Outros<\/option><\/select><\/div><div id=\"wpforms-1119-field_18-container\" class=\"wpforms-field wpforms-field-number\" data-field-id=\"18\"><label class=\"wpforms-field-label wpforms-label-hide\" for=\"wpforms-1119-field_18\">Numbers<\/label><input type=\"number\" pattern=\"\\d*\" id=\"wpforms-1119-field_18\" class=\"wpforms-field-small\" name=\"wpforms[fields][18]\" placeholder=\"CEP*\" ><\/div><div id=\"wpforms-1119-field_26-container\" class=\"wpforms-field wpforms-field-select wpforms-field-select-style-classic\" data-field-id=\"26\"><label class=\"wpforms-field-label\" for=\"wpforms-1119-field_26\">Seguro novo ou renova\u00e7\u00e3o?<\/label><select id=\"wpforms-1119-field_26\" class=\"wpforms-field-medium\" name=\"wpforms[fields][26]\"><option value=\"\" ><\/option><option value=\"Seguro novo\" >Seguro novo<\/option><option value=\"Renova\u00e7\u00e3o SEM sinistro\" >Renova\u00e7\u00e3o SEM sinistro<\/option><option value=\"Renova\u00e7\u00e3o COM sinistro\" >Renova\u00e7\u00e3o COM sinistro<\/option><\/select><\/div><div id=\"wpforms-1119-field_36-container\" class=\"wpforms-field wpforms-field-select wpforms-field-select-style-classic\" data-field-id=\"36\"><label class=\"wpforms-field-label\" for=\"wpforms-1119-field_36\">Quanto tempo de seguro<\/label><select id=\"wpforms-1119-field_36\" class=\"wpforms-field-medium\" name=\"wpforms[fields][36]\"><option value=\"\" ><\/option><option value=\"N\u00e3o tenho seguro atualmente\" >N\u00e3o tenho seguro atualmente<\/option><option value=\"Vou pro 2\u00ba ano\" >Vou pro 2\u00ba ano<\/option><option value=\"Vou pro 3\u00ba ano\" >Vou pro 3\u00ba ano<\/option><option value=\"Vou pro 4\u00ba ano\" >Vou pro 4\u00ba ano<\/option><option value=\"Vou pro 5\u00ba ano\" >Vou pro 5\u00ba ano<\/option><option value=\"Vou pro 6\u00ba ano\" >Vou pro 6\u00ba ano<\/option><option value=\"Vou pro 7\u00ba ano\" >Vou pro 7\u00ba ano<\/option><option value=\"Vou pro 8\u00ba ano\" >Vou pro 8\u00ba ano<\/option><option value=\"Vou pro 9\u00ba ano\" >Vou pro 9\u00ba ano<\/option><option value=\"Vou pro 10\u00ba ano ou mais\" >Vou pro 10\u00ba ano ou mais<\/option><\/select><\/div><div id=\"wpforms-1119-field_15-container\" class=\"wpforms-field wpforms-field-text\" data-field-id=\"15\"><label class=\"wpforms-field-label\" for=\"wpforms-1119-field_15\">Marca\/modelo <span class=\"wpforms-required-label\">*<\/span><\/label><input type=\"text\" id=\"wpforms-1119-field_15\" class=\"wpforms-field-medium wpforms-field-required\" name=\"wpforms[fields][15]\" placeholder=\"Seja espec\u00edfico\" required><\/div><div id=\"wpforms-1119-field_16-container\" class=\"wpforms-field wpforms-field-text\" data-field-id=\"16\"><input type=\"text\" id=\"wpforms-1119-field_16\" class=\"wpforms-field-small\" name=\"wpforms[fields][16]\" placeholder=\"Ano\/modelo*\" ><\/div><div id=\"wpforms-1119-field_24-container\" class=\"wpforms-field wpforms-field-text\" data-field-id=\"24\"><label class=\"wpforms-field-label wpforms-label-hide\" for=\"wpforms-1119-field_24\">Placa<\/label><input type=\"text\" id=\"wpforms-1119-field_24\" class=\"wpforms-field-small\" name=\"wpforms[fields][24]\" placeholder=\"Placa*\" ><\/div><div id=\"wpforms-1119-field_21-container\" class=\"wpforms-field wpforms-field-select wpforms-field-select-style-classic\" data-field-id=\"21\"><label class=\"wpforms-field-label\" for=\"wpforms-1119-field_21\">Tipo \/ Utiliza\u00e7\u00e3o do ve\u00edculo?<\/label><select id=\"wpforms-1119-field_21\" class=\"wpforms-field-small\" name=\"wpforms[fields][21]\"><option value=\"\"  selected='selected'><\/option><option value=\"Particular\" >Particular<\/option><option value=\"Auto Escola\" >Auto Escola<\/option><option value=\"Frete\" >Frete<\/option><option value=\"Locadoras\" >Locadoras<\/option><option value=\"Policiamento\" >Policiamento<\/option><option value=\"Moto taxi\" >Moto taxi<\/option><option value=\"Teste-drive\" >Teste-drive<\/option><\/select><\/div><div id=\"wpforms-1119-field_25-container\" class=\"wpforms-field wpforms-field-checkbox wpforms-list-2-columns\" data-field-id=\"25\"><label class=\"wpforms-field-label\" for=\"wpforms-1119-field_25\">Escolha uma ou mais op\u00e7\u00f5es<\/label><ul id=\"wpforms-1119-field_25\"><li class=\"choice-4 depth-1\"><input type=\"checkbox\" id=\"wpforms-1119-field_25_4\" name=\"wpforms[fields][25][]\" value=\"Chassi remarcado\"  ><label class=\"wpforms-field-label-inline\" for=\"wpforms-1119-field_25_4\">Chassi remarcado<\/label><\/li><li class=\"choice-1 depth-1\"><input type=\"checkbox\" id=\"wpforms-1119-field_25_1\" name=\"wpforms[fields][25][]\" value=\"Deficiente ou Cnh especial\"  ><label class=\"wpforms-field-label-inline\" for=\"wpforms-1119-field_25_1\">Deficiente ou Cnh especial<\/label><\/li><li class=\"choice-5 depth-1\"><input type=\"checkbox\" id=\"wpforms-1119-field_25_5\" name=\"wpforms[fields][25][]\" value=\"Est\u00e1 alienado \/ financiado\"  ><label class=\"wpforms-field-label-inline\" for=\"wpforms-1119-field_25_5\">Est\u00e1 alienado \/ financiado<\/label><\/li><li class=\"choice-2 depth-1\"><input type=\"checkbox\" id=\"wpforms-1119-field_25_2\" name=\"wpforms[fields][25][]\" value=\"Isento ICMS\/ISP\"  ><label class=\"wpforms-field-label-inline\" for=\"wpforms-1119-field_25_2\">Isento ICMS\/ISP<\/label><\/li><\/ul><\/div><div id=\"wpforms-1119-field_29-container\" class=\"wpforms-field wpforms-field-select wpforms-field-select-style-classic\" data-field-id=\"29\"><label class=\"wpforms-field-label\" for=\"wpforms-1119-field_29\">Garagem na resid\u00eancia<\/label><select id=\"wpforms-1119-field_29\" class=\"wpforms-field-small\" name=\"wpforms[fields][29]\"><option value=\"\" ><\/option><option value=\"Sim, na resid\u00eancia com port\u00e3o manual\" >Sim, na resid\u00eancia com port\u00e3o manual<\/option><option value=\"Sim, na resid\u00eancia com port\u00e3o autom\u00e1tico ou porteiro\" >Sim, na resid\u00eancia com port\u00e3o autom\u00e1tico ou porteiro<\/option><option value=\"N\u00e3o, na resid\u00eancia\" >N\u00e3o, na resid\u00eancia<\/option><\/select><\/div><div id=\"wpforms-1119-field_30-container\" class=\"wpforms-field wpforms-field-select wpforms-field-select-style-classic\" data-field-id=\"30\"><label class=\"wpforms-field-label\" for=\"wpforms-1119-field_30\">Garagem no trabalho<\/label><select id=\"wpforms-1119-field_30\" class=\"wpforms-field-small\" name=\"wpforms[fields][30]\"><option value=\"\" ><\/option><option value=\"Sim, no trabalho\" >Sim, no trabalho<\/option><option value=\"N\u00e3o, no trabalho\" >N\u00e3o, no trabalho<\/option><option value=\"N\u00e3o trabalha ou n\u00e3o utiliza o ve\u00edculo para ir e vir ao trabalho\" >N\u00e3o trabalha ou n\u00e3o utiliza o ve\u00edculo para ir e vir ao trabalho<\/option><\/select><\/div><div id=\"wpforms-1119-field_31-container\" class=\"wpforms-field wpforms-field-select wpforms-field-select-style-classic\" data-field-id=\"31\"><label class=\"wpforms-field-label\" for=\"wpforms-1119-field_31\">Garagem no col\u00e9gio\/faculdade<\/label><select id=\"wpforms-1119-field_31\" class=\"wpforms-field-small\" name=\"wpforms[fields][31]\"><option value=\"\" ><\/option><option value=\"Sim, no col\u00e9gio\/faculdade\" >Sim, no col\u00e9gio\/faculdade<\/option><option value=\"N\u00e3o, no col\u00e9gio\/faculdade\" >N\u00e3o, no col\u00e9gio\/faculdade<\/option><option value=\"N\u00e3o estuda ou n\u00e3o utiliza o ve\u00edculo para ir e vir ao col\u00e9gio\/faculdade\" >N\u00e3o estuda ou n\u00e3o utiliza o ve\u00edculo para ir e vir ao col\u00e9gio\/faculdade<\/option><\/select><\/div><div id=\"wpforms-1119-field_19-container\" class=\"wpforms-field wpforms-field-select wpforms-field-select-style-classic\" data-field-id=\"19\"><label class=\"wpforms-field-label\" for=\"wpforms-1119-field_19\">Tempo de CNH<\/label><select id=\"wpforms-1119-field_19\" class=\"wpforms-field-small\" name=\"wpforms[fields][19]\"><option value=\"\" ><\/option><option value=\"1 ano\" >1 ano<\/option><option value=\"At\u00e9 5 anos\" >At\u00e9 5 anos<\/option><option value=\"At\u00e9 10 anos\" >At\u00e9 10 anos<\/option><option value=\"mais de 10 anos\" >mais de 10 anos<\/option><\/select><\/div><div id=\"wpforms-1119-field_20-container\" class=\"wpforms-field wpforms-field-select wpforms-field-select-style-classic\" data-field-id=\"20\"><label class=\"wpforms-field-label\" for=\"wpforms-1119-field_20\">Mora com condutores menores de 26 anos?<\/label><select id=\"wpforms-1119-field_20\" class=\"wpforms-field-small\" name=\"wpforms[fields][20]\"><option value=\"\" ><\/option><option value=\"Sim\" >Sim<\/option><option value=\"N\u00e3o\" >N\u00e3o<\/option><\/select><\/div><div id=\"wpforms-1119-field_34-container\" class=\"wpforms-field wpforms-field-checkbox wpforms-list-2-columns\" data-field-id=\"34\"><label class=\"wpforms-field-label\" for=\"wpforms-1119-field_34\">Algum dispositivo Antifurto instalado?<\/label><ul id=\"wpforms-1119-field_34\"><li class=\"choice-1 depth-1\"><input type=\"checkbox\" id=\"wpforms-1119-field_34_1\" name=\"wpforms[fields][34][]\" value=\"N\u00e3o\"  ><label class=\"wpforms-field-label-inline\" for=\"wpforms-1119-field_34_1\">N\u00e3o<\/label><\/li><li class=\"choice-2 depth-1\"><input type=\"checkbox\" id=\"wpforms-1119-field_34_2\" name=\"wpforms[fields][34][]\" value=\" Vacina antifurto\"  ><label class=\"wpforms-field-label-inline\" for=\"wpforms-1119-field_34_2\"> Vacina antifurto<\/label><\/li><li class=\"choice-4 depth-1\"><input type=\"checkbox\" id=\"wpforms-1119-field_34_4\" name=\"wpforms[fields][34][]\" value=\"Ituran\"  ><label class=\"wpforms-field-label-inline\" for=\"wpforms-1119-field_34_4\">Ituran<\/label><\/li><li class=\"choice-6 depth-1\"><input type=\"checkbox\" id=\"wpforms-1119-field_34_6\" name=\"wpforms[fields][34][]\" value=\"Tracker\"  ><label class=\"wpforms-field-label-inline\" for=\"wpforms-1119-field_34_6\">Tracker<\/label><\/li><li class=\"choice-5 depth-1\"><input type=\"checkbox\" id=\"wpforms-1119-field_34_5\" name=\"wpforms[fields][34][]\" value=\"DAF-V Porto Seguro\"  ><label class=\"wpforms-field-label-inline\" for=\"wpforms-1119-field_34_5\">DAF-V Porto Seguro<\/label><\/li><li class=\"choice-7 depth-1\"><input type=\"checkbox\" id=\"wpforms-1119-field_34_7\" name=\"wpforms[fields][34][]\" value=\"Transponder Porto Seguro\"  ><label class=\"wpforms-field-label-inline\" for=\"wpforms-1119-field_34_7\">Transponder Porto Seguro<\/label><\/li><li class=\"choice-9 depth-1\"><input type=\"checkbox\" id=\"wpforms-1119-field_34_9\" name=\"wpforms[fields][34][]\" value=\"Chevrolet OnStar, Volvo On Call, etc\"  ><label class=\"wpforms-field-label-inline\" for=\"wpforms-1119-field_34_9\">Chevrolet OnStar, Volvo On Call, etc<\/label><\/li><\/ul><\/div><\/div><div class=\"wpforms-field wpforms-field-hp\"><label for=\"wpforms-1119-field-hp\" class=\"wpforms-field-label\">Comment<\/label><input type=\"text\" name=\"wpforms[hp]\" id=\"wpforms-1119-field-hp\" class=\"wpforms-field-medium\"><\/div><div class=\"wpforms-submit-container\" ><input type=\"hidden\" name=\"wpforms[id]\" value=\"1119\"><input type=\"hidden\" name=\"wpforms[author]\" value=\"1\"><button type=\"submit\" name=\"wpforms[submit]\" class=\"wpforms-submit \" id=\"wpforms-submit-1119\" value=\"wpforms-submit\" aria-live=\"assertive\" data-alt-text=\"Enviando...\" data-submit-text=\"Cota\u00e7\u00e3o\">Cota\u00e7\u00e3o<\/button><\/div><\/form><\/div>  <!-- .wpforms-container -->\n<h6>Fique tranquilo, n\u00f3s cuidamos disso pra voc\u00ea.<br \/>Logo retornaremos com as melhores cota\u00e7\u00f5es<\/h6>\n","protected":false},"excerpt":{"rendered":"<p>Tamburello Corretora de Seguros Moto Nossos canais Whatsapp (11) 98758-0000(11) 4212-1919 email contato@tamburelloseguros.com.br Redes sociais Facebook-f Youtube Linkedin-in Instagram Dados necess\u00e1rios para cota\u00e7\u00e3o Seguro moto Sua melhor cota\u00e7\u00e3o em at\u00e9 tr\u00eas seguradoras diferentes Fique tranquilo, n\u00f3s cuidamos disso pra voc\u00ea.Logo retornaremos com as melhores cota\u00e7\u00f5es<\/p>\n","protected":false},"author":1,"featured_media":0,"parent":857,"menu_order":0,"comment_status":"closed","ping_status":"closed","template":"","meta":{"footnotes":""},"_links":{"self":[{"href":"https:\/\/tamburelloseguros.com.br\/index.php?rest_route=\/wp\/v2\/pages\/1042"}],"collection":[{"href":"https:\/\/tamburelloseguros.com.br\/index.php?rest_route=\/wp\/v2\/pages"}],"about":[{"href":"https:\/\/tamburelloseguros.com.br\/index.php?rest_route=\/wp\/v2\/types\/page"}],"author":[{"embeddable":true,"href":"https:\/\/tamburelloseguros.com.br\/index.php?rest_route=\/wp\/v2\/users\/1"}],"replies":[{"embeddable":true,"href":"https:\/\/tamburelloseguros.com.br\/index.php?rest_route=%2Fwp%2Fv2%2Fcomments&post=1042"}],"version-history":[{"count":13,"href":"https:\/\/tamburelloseguros.com.br\/index.php?rest_route=\/wp\/v2\/pages\/1042\/revisions"}],"predecessor-version":[{"id":1173,"href":"https:\/\/tamburelloseguros.com.br\/index.php?rest_route=\/wp\/v2\/pages\/1042\/revisions\/1173"}],"up":[{"embeddable":true,"href":"https:\/\/tamburelloseguros.com.br\/index.php?rest_route=\/wp\/v2\/pages\/857"}],"wp:attachment":[{"href":"https:\/\/tamburelloseguros.com.br\/index.php?rest_route=%2Fwp%2Fv2%2Fmedia&parent=1042"}],"curies":[{"name":"wp","href":"https:\/\/api.w.org\/{rel}","templated":true}]}}