{"id":1193,"date":"2021-07-22T21:32:18","date_gmt":"2021-07-23T00:32:18","guid":{"rendered":"http:\/\/tamburelloseguros.com.br\/?page_id=1193"},"modified":"2021-08-04T15:38:51","modified_gmt":"2021-08-04T18:38:51","slug":"formcotacao-previdencia","status":"publish","type":"page","link":"https:\/\/tamburelloseguros.com.br\/?page_id=1193","title":{"rendered":"FormCota\u00e7\u00e3o-Previd\u00eancia"},"content":{"rendered":"<h5>Tamburello Corretora de Seguros<\/h5>\n<h1>Previd\u00eancia<\/h1>\n<h4>Se eu pago INSS, por que preciso de uma Previd\u00eancia Privada?<\/h4>\n<p>Mesmo com a obrigatoriedade do pagamento do INSS, vale a pena investir na previd\u00eancia privada como um incremento.<\/p>\n<p>Afinal, s\u00e3o dois tipos de previd\u00eancia diferentes, e um n\u00e3o anula o outro.<\/p>\n<p>Na verdade, a\u00a0<b>previd\u00eancia privada \u00e9 complementar ao INSS (previd\u00eancia p\u00fablica)<\/b>.<\/p>\n<p>Se as duas forem utilizadas em conjunto, podem garantir uma\u00a0<a href=\"http:\/\/blog.onze.com.br\/artigos\/investir-na-sua-aposentadoria-todo-mes\/\" target=\"_blank\" rel=\"noopener\">aposentadoria<\/a>\u00a0mais confort\u00e1vel financeiramente.<\/p>\n<h4>Para quais fins devo utilizar a Previd\u00eancia Privada?<\/h4>\n<ul>\n<li><b>Educacional: <\/b>Para garantir os estudos dos filhos.\u00a0<\/li>\n<li><b>Investimento: <\/b>Para aquisi\u00e7\u00e3o de um bem futuro ou programar uma viagem.<\/li>\n<li><b>Aposentadoria: <\/b>Para programar ou complementar a aposentadoria do INSS<\/li>\n<\/ul>\n<p>\t\t\tPrevid\u00eancia: Somente com as melhores seguradoras do mercado\t\t<\/p>\n<figure class='gallery-item'>\n\t\t\t\t<a data-elementor-open-lightbox=\"yes\" data-elementor-lightbox-slideshow=\"9b12f84\" data-elementor-lightbox-title=\"metlife\" href='http:\/\/tamburelloseguros.com.br\/wp-content\/uploads\/2021\/07\/metlife.png'><img decoding=\"async\" width=\"150\" height=\"150\" src=\"http:\/\/tamburelloseguros.com.br\/wp-content\/uploads\/2021\/07\/metlife-150x150.png\" alt=\"\" loading=\"lazy\" srcset=\"https:\/\/tamburelloseguros.com.br\/wp-content\/uploads\/2021\/07\/metlife-150x150.png 150w, https:\/\/tamburelloseguros.com.br\/wp-content\/uploads\/2021\/07\/metlife-300x300.png 300w, https:\/\/tamburelloseguros.com.br\/wp-content\/uploads\/2021\/07\/metlife.png 512w\" sizes=\"(max-width: 150px) 100vw, 150px\" \/><\/a><br \/>\n\t\t\t<\/figure>\n<figure class='gallery-item'>\n\t\t\t\t<a data-elementor-open-lightbox=\"yes\" data-elementor-lightbox-slideshow=\"9b12f84\" data-elementor-lightbox-title=\"mapfre\" href='http:\/\/tamburelloseguros.com.br\/wp-content\/uploads\/2020\/10\/mapfre.png'><img decoding=\"async\" width=\"150\" height=\"150\" src=\"http:\/\/tamburelloseguros.com.br\/wp-content\/uploads\/2020\/10\/mapfre-150x150.png\" alt=\"\" loading=\"lazy\" \/><\/a><br \/>\n\t\t\t<\/figure>\n<figure class='gallery-item'>\n\t\t\t\t<a data-elementor-open-lightbox=\"yes\" data-elementor-lightbox-slideshow=\"9b12f84\" data-elementor-lightbox-title=\"porto\" href='http:\/\/tamburelloseguros.com.br\/wp-content\/uploads\/2020\/10\/porto.png'><img decoding=\"async\" width=\"150\" height=\"150\" src=\"http:\/\/tamburelloseguros.com.br\/wp-content\/uploads\/2020\/10\/porto.png\" alt=\"\" loading=\"lazy\" \/><\/a><br \/>\n\t\t\t<\/figure>\n<figure class='gallery-item'>\n\t\t\t\t<a data-elementor-open-lightbox=\"yes\" data-elementor-lightbox-slideshow=\"9b12f84\" data-elementor-lightbox-title=\"bradesco\" href='http:\/\/tamburelloseguros.com.br\/wp-content\/uploads\/2020\/10\/bradesco.png'><img decoding=\"async\" width=\"150\" height=\"150\" src=\"http:\/\/tamburelloseguros.com.br\/wp-content\/uploads\/2020\/10\/bradesco-150x150.png\" alt=\"\" loading=\"lazy\" \/><\/a><br \/>\n\t\t\t<\/figure>\n<figure class='gallery-item'>\n\t\t\t\t<a data-elementor-open-lightbox=\"yes\" data-elementor-lightbox-slideshow=\"9b12f84\" data-elementor-lightbox-title=\"tokio\" href='http:\/\/tamburelloseguros.com.br\/wp-content\/uploads\/2020\/10\/tokio.jpg'><img decoding=\"async\" width=\"149\" height=\"149\" src=\"http:\/\/tamburelloseguros.com.br\/wp-content\/uploads\/2020\/10\/tokio.jpg\" alt=\"\" loading=\"lazy\" \/><\/a><br \/>\n\t\t\t<\/figure>\n<figure class='gallery-item'>\n\t\t\t\t<a data-elementor-open-lightbox=\"yes\" data-elementor-lightbox-slideshow=\"9b12f84\" data-elementor-lightbox-title=\"Icatu\" href='http:\/\/tamburelloseguros.com.br\/wp-content\/uploads\/2021\/07\/Icatu.jpg'><img decoding=\"async\" width=\"150\" height=\"150\" src=\"http:\/\/tamburelloseguros.com.br\/wp-content\/uploads\/2021\/07\/Icatu-150x150.jpg\" alt=\"\" loading=\"lazy\" \/><\/a><br \/>\n\t\t\t<\/figure>\n<figure class='gallery-item'>\n\t\t\t\t<a data-elementor-open-lightbox=\"yes\" data-elementor-lightbox-slideshow=\"9b12f84\" data-elementor-lightbox-title=\"sulamerica\" href='http:\/\/tamburelloseguros.com.br\/wp-content\/uploads\/2020\/10\/sulamerica-1.png'><img decoding=\"async\" width=\"150\" height=\"150\" src=\"http:\/\/tamburelloseguros.com.br\/wp-content\/uploads\/2020\/10\/sulamerica-1-150x150.png\" alt=\"\" loading=\"lazy\" \/><\/a><br \/>\n\t\t\t<\/figure>\n<figure class='gallery-item'>\n\t\t\t\t<a data-elementor-open-lightbox=\"yes\" data-elementor-lightbox-slideshow=\"9b12f84\" data-elementor-lightbox-title=\"liberty\" href='http:\/\/tamburelloseguros.com.br\/wp-content\/uploads\/2020\/10\/liberty-1.jpg'><img decoding=\"async\" width=\"150\" height=\"150\" src=\"http:\/\/tamburelloseguros.com.br\/wp-content\/uploads\/2020\/10\/liberty-1-150x150.jpg\" alt=\"\" loading=\"lazy\" \/><\/a><br \/>\n\t\t\t<\/figure>\n<p>Somente com as melhores seguradoras do mercado<\/p>\n<p>\u00a0<\/p>\n<h3>Nossos canais<\/h3>\n<p>\t\t\t\t<a href=\"http:\/\/api.whatsapp.com\/send?1=pt_BR&#038;phone=5511982310380\"><br \/>\n\t\t\t\t\t\t\t\t<\/a><\/p>\n<h4>\n\t\t\t\t\t<a href=\"http:\/\/api.whatsapp.com\/send?1=pt_BR&#038;phone=5511982310380\">Whatsapp<\/a><br \/>\n\t\t\t\t<\/h4>\n<p>(11) 98758-0000<br \/>(11) 4212-1919<\/p>\n<h4>\n\t\t\t\t\temail<br \/>\n\t\t\t\t<\/h4>\n<p>contato@tamburelloseguros.com.br<\/p>\n<h3>Redes sociais<\/h3>\n<p>\t\t\t\t\t<a href=\"https:\/\/www.facebook.com\/tamburelloseguros\"><br \/>\n\t\t\t\t\t\tFacebook-f<br \/>\n\t\t\t\t\t\t\t\t\t\t\t<\/a><br \/>\n\t\t\t\t\t<a href=\"https:\/\/www.youtube.com\/channel\/UCgE4_XKoaS3mpBqO17VXPzA\"><br \/>\n\t\t\t\t\t\tYoutube<br \/>\n\t\t\t\t\t\t\t\t\t\t\t<\/a><br \/>\n\t\t\t\t\t<a href=\"https:\/\/www.linkedin.com\/company\/69507325\"><br \/>\n\t\t\t\t\t\tLinkedin-in<br \/>\n\t\t\t\t\t\t\t\t\t\t\t<\/a><br \/>\n\t\t\t\t\t<a href=\"https:\/\/www.instagram.com\/tamburelloseguros\/\" target=\"_blank\" rel=\"noopener\"><br \/>\n\t\t\t\t\t\tInstagram<br \/>\n\t\t\t\t\t\t\t\t\t\t\t<\/a><br \/>\n\t\t\t<a href=\"http:\/\/api.whatsapp.com\/send?1=pt_BR&#038;phone=5511987580000\"><br \/>\n\t\t\t\t\t\t<\/a><br \/>\n\t\t\t<a href=\"https:\/\/tamburelloseguros.com.br\/?page_id=16\"><br \/>\n\t\t\t\t\t\t<\/a><\/p>\n<h2>Previd\u00eancia Privada Complementar<\/h2>\n<p>Sua melhor cota\u00e7\u00e3o em at\u00e9 tr\u00eas seguradoras diferentes<\/p>\n<h4>Dados necess\u00e1rios para cota\u00e7\u00e3o<\/h4>\n<div class=\"wpforms-container \" id=\"wpforms-1192\"><form id=\"wpforms-form-1192\" class=\"wpforms-validate wpforms-form\" data-formid=\"1192\" method=\"post\" enctype=\"multipart\/form-data\" action=\"\/index.php?rest_route=%2Fwp%2Fv2%2Fpages%2F1193\" data-token=\"173eca8009dad2e12ea10b3cfdff6e76\"><noscript class=\"wpforms-error-noscript\">Please enable JavaScript in your browser to complete this form.<\/noscript><div class=\"wpforms-field-container\"><div id=\"wpforms-1192-field_0-container\" class=\"wpforms-field wpforms-field-name\" data-field-id=\"0\"><label class=\"wpforms-field-label wpforms-label-hide\" for=\"wpforms-1192-field_0\">Name <span class=\"wpforms-required-label\">*<\/span><\/label><input type=\"text\" id=\"wpforms-1192-field_0\" class=\"wpforms-field-medium wpforms-field-required\" name=\"wpforms[fields][0]\" placeholder=\"Name*\" required><\/div><div id=\"wpforms-1192-field_1-container\" class=\"wpforms-field wpforms-field-email\" data-field-id=\"1\"><label class=\"wpforms-field-label wpforms-label-hide\" for=\"wpforms-1192-field_1\">Email <span class=\"wpforms-required-label\">*<\/span><\/label><input type=\"email\" id=\"wpforms-1192-field_1\" class=\"wpforms-field-medium wpforms-field-required\" name=\"wpforms[fields][1]\" placeholder=\"Email*\" required><\/div><div id=\"wpforms-1192-field_3-container\" class=\"wpforms-field wpforms-field-number\" data-field-id=\"3\"><label class=\"wpforms-field-label wpforms-label-hide\" for=\"wpforms-1192-field_3\">(DDD) telefone <span class=\"wpforms-required-label\">*<\/span><\/label><input type=\"number\" pattern=\"\\d*\" id=\"wpforms-1192-field_3\" class=\"wpforms-field-medium wpforms-field-required\" name=\"wpforms[fields][3]\" placeholder=\"(DDD) telefone*\" required><\/div><div id=\"wpforms-1192-field_17-container\" class=\"wpforms-field wpforms-field-number\" data-field-id=\"17\"><input type=\"number\" pattern=\"\\d*\" id=\"wpforms-1192-field_17\" class=\"wpforms-field-medium wpforms-field-required\" name=\"wpforms[fields][17]\" placeholder=\"CPF*\" required><\/div><div id=\"wpforms-1192-field_35-container\" class=\"wpforms-field wpforms-field-text\" data-field-id=\"35\"><input type=\"text\" id=\"wpforms-1192-field_35\" class=\"wpforms-field-medium wpforms-field-required wpforms-limit-characters-enabled\" data-form-id=\"1192\" data-field-id=\"35\" data-text-limit=\"10\" name=\"wpforms[fields][35]\" placeholder=\"Data de nascimento*\" maxlength=\"10\" required><\/div><div id=\"wpforms-1192-field_27-container\" class=\"wpforms-field wpforms-field-select wpforms-field-select-style-classic\" data-field-id=\"27\"><label class=\"wpforms-field-label\" for=\"wpforms-1192-field_27\">Sexo<\/label><select id=\"wpforms-1192-field_27\" class=\"wpforms-field-small\" name=\"wpforms[fields][27]\"><option value=\"\" ><\/option><option value=\"Masculino\" >Masculino<\/option><option value=\"Feminino\" >Feminino<\/option><option value=\"N\u00e3o informar\" >N\u00e3o informar<\/option><\/select><\/div><div id=\"wpforms-1192-field_28-container\" class=\"wpforms-field wpforms-field-select wpforms-field-select-style-classic\" data-field-id=\"28\"><label class=\"wpforms-field-label\" for=\"wpforms-1192-field_28\">Estado civil<\/label><select id=\"wpforms-1192-field_28\" class=\"wpforms-field-small\" name=\"wpforms[fields][28]\"><option value=\"\" ><\/option><option value=\"Solteiro\" >Solteiro<\/option><option value=\"Casado (Ou vive a +2 anos acompanhado)\" >Casado (Ou vive a +2 anos acompanhado)<\/option><option value=\"Vi\u00favo\" >Vi\u00favo<\/option><option value=\"Divorciado ou separado\" >Divorciado ou separado<\/option><option value=\"Outros\" >Outros<\/option><\/select><\/div><div id=\"wpforms-1192-field_44-container\" class=\"wpforms-field wpforms-field-select wpforms-field-select-style-classic\" data-field-id=\"44\"><label class=\"wpforms-field-label\" for=\"wpforms-1192-field_44\">Produtos <span class=\"wpforms-required-label\">*<\/span><\/label><select id=\"wpforms-1192-field_44\" class=\"wpforms-field-small wpforms-field-required\" name=\"wpforms[fields][44]\" required=\"required\"><option value=\"\" ><\/option><option value=\"PGBL\" >PGBL<\/option><option value=\"VGBL\" >VGBL<\/option><\/select><div class=\"wpforms-field-description\">PGBL - Ideal para quem declara IR Completo. O imposto de renda incide sobre o valor total acumulado, no momento do resgate ou recebimento da renda \/ \r\nVGBL - Ideal para quem declara IR Simplificado. O imposto de renda incide apenas sobre os rendimentos de suas aplica\u00e7\u00f5es, no momento do resgate ou recebimento da renda<\/div><\/div><div id=\"wpforms-1192-field_45-container\" class=\"wpforms-field wpforms-field-select wpforms-field-select-style-classic\" data-field-id=\"45\"><label class=\"wpforms-field-label\" for=\"wpforms-1192-field_45\">Motiva\u00e7\u00e3o <span class=\"wpforms-required-label\">*<\/span><\/label><select id=\"wpforms-1192-field_45\" class=\"wpforms-field-small wpforms-field-required\" name=\"wpforms[fields][45]\" required=\"required\"><option value=\"\" ><\/option><option value=\"Aducacional\" >Aducacional<\/option><option value=\"Investimento\" >Investimento<\/option><option value=\"Aposentadoria\" >Aposentadoria<\/option><\/select><\/div><div id=\"wpforms-1192-field_37-container\" class=\"wpforms-field wpforms-field-number\" data-field-id=\"37\"><label class=\"wpforms-field-label\" for=\"wpforms-1192-field_37\">Valor do aporte inicial<\/label><input type=\"number\" pattern=\"\\d*\" id=\"wpforms-1192-field_37\" class=\"wpforms-field-medium\" name=\"wpforms[fields][37]\" placeholder=\"Caso queira\" ><\/div><div id=\"wpforms-1192-field_38-container\" class=\"wpforms-field wpforms-field-number\" data-field-id=\"38\"><label class=\"wpforms-field-label\" for=\"wpforms-1192-field_38\">Contribui\u00e7\u00e3o mensal <span class=\"wpforms-required-label\">*<\/span><\/label><input type=\"number\" pattern=\"\\d*\" id=\"wpforms-1192-field_38\" class=\"wpforms-field-medium wpforms-field-required\" name=\"wpforms[fields][38]\" placeholder=\"Informar valor\" required><\/div><div id=\"wpforms-1192-field_39-container\" class=\"wpforms-field wpforms-field-number\" data-field-id=\"39\"><label class=\"wpforms-field-label\" for=\"wpforms-1192-field_39\">Data de resgate <span class=\"wpforms-required-label\">*<\/span><\/label><input type=\"number\" pattern=\"\\d*\" id=\"wpforms-1192-field_39\" class=\"wpforms-field-medium wpforms-field-required\" name=\"wpforms[fields][39]\" required><\/div><\/div><div class=\"wpforms-field wpforms-field-hp\"><label for=\"wpforms-1192-field-hp\" class=\"wpforms-field-label\">Comment<\/label><input type=\"text\" name=\"wpforms[hp]\" id=\"wpforms-1192-field-hp\" class=\"wpforms-field-medium\"><\/div><div class=\"wpforms-submit-container\" ><input type=\"hidden\" name=\"wpforms[id]\" value=\"1192\"><input type=\"hidden\" name=\"wpforms[author]\" value=\"1\"><button type=\"submit\" name=\"wpforms[submit]\" class=\"wpforms-submit \" id=\"wpforms-submit-1192\" value=\"wpforms-submit\" aria-live=\"assertive\" data-alt-text=\"Enviando...\" data-submit-text=\"Cota\u00e7\u00e3o\">Cota\u00e7\u00e3o<\/button><\/div><\/form><\/div>  <!-- .wpforms-container -->\n<h6>Fique tranquilo, n\u00f3s cuidamos disso pra voc\u00ea.<br \/>Logo retornaremos com as melhores cota\u00e7\u00f5es<\/h6>\n","protected":false},"excerpt":{"rendered":"<p>Tamburello Corretora de Seguros Previd\u00eancia Se eu pago INSS, por que preciso de uma Previd\u00eancia Privada? Mesmo com a obrigatoriedade do pagamento do INSS, vale a pena investir na previd\u00eancia privada como um incremento. Afinal, s\u00e3o dois tipos de previd\u00eancia diferentes, e um n\u00e3o anula o outro. Na verdade, a\u00a0previd\u00eancia privada \u00e9 complementar ao INSS &hellip;<\/p>\n<p class=\"read-more\"> <a class=\"\" href=\"https:\/\/tamburelloseguros.com.br\/?page_id=1193\"> <span class=\"screen-reader-text\">FormCota\u00e7\u00e3o-Previd\u00eancia<\/span> Read More &raquo;<\/a><\/p>\n","protected":false},"author":1,"featured_media":0,"parent":857,"menu_order":0,"comment_status":"closed","ping_status":"closed","template":"","meta":{"footnotes":""},"_links":{"self":[{"href":"https:\/\/tamburelloseguros.com.br\/index.php?rest_route=\/wp\/v2\/pages\/1193"}],"collection":[{"href":"https:\/\/tamburelloseguros.com.br\/index.php?rest_route=\/wp\/v2\/pages"}],"about":[{"href":"https:\/\/tamburelloseguros.com.br\/index.php?rest_route=\/wp\/v2\/types\/page"}],"author":[{"embeddable":true,"href":"https:\/\/tamburelloseguros.com.br\/index.php?rest_route=\/wp\/v2\/users\/1"}],"replies":[{"embeddable":true,"href":"https:\/\/tamburelloseguros.com.br\/index.php?rest_route=%2Fwp%2Fv2%2Fcomments&post=1193"}],"version-history":[{"count":16,"href":"https:\/\/tamburelloseguros.com.br\/index.php?rest_route=\/wp\/v2\/pages\/1193\/revisions"}],"predecessor-version":[{"id":1396,"href":"https:\/\/tamburelloseguros.com.br\/index.php?rest_route=\/wp\/v2\/pages\/1193\/revisions\/1396"}],"up":[{"embeddable":true,"href":"https:\/\/tamburelloseguros.com.br\/index.php?rest_route=\/wp\/v2\/pages\/857"}],"wp:attachment":[{"href":"https:\/\/tamburelloseguros.com.br\/index.php?rest_route=%2Fwp%2Fv2%2Fmedia&parent=1193"}],"curies":[{"name":"wp","href":"https:\/\/api.w.org\/{rel}","templated":true}]}}