{"id":12,"date":"2018-08-27T12:17:23","date_gmt":"2018-08-27T15:17:23","guid":{"rendered":"http:\/\/tamburelloseguros.com.br\/?page_id=12"},"modified":"2021-03-15T22:07:20","modified_gmt":"2021-03-16T01:07:20","slug":"seguros","status":"publish","type":"page","link":"https:\/\/tamburelloseguros.com.br\/?page_id=12","title":{"rendered":"Seguros"},"content":{"rendered":"<h2>Ainda est\u00e1 da d\u00favida?<\/h2>\n<h4>Fale com um de nossos especialistas<\/h4>\n<h2>Fa\u00e7a voc\u00ea mesmo a sua cota\u00e7\u00e3o<\/h2>\n<p>\t\t\t<a href=\"https:\/\/wwws.portoseguro.com.br\/vendaonline\/automovel\/home.ns?cod=52e745729ce64ce397a7ab3b4964c00f&#038;utm_source=4MIDQJ&#038;utm_medium=geradorLinks&#038;utm_campaign=GeradordeLinks_APO8YJ&#038;utm_content=TAMBURELLO_CORRETORA_DE_SEGUROS&#038;origem=auto\"><br \/>\n\t\t\t\t\t\t<\/a><\/p>\n<h5>Autom\u00f3vel<\/h5>\n<p>\t\t\t<a href=\"https:\/\/wwws.portoseguro.com.br\/vendaonline\/moto\/home.ns?cod=f7b6ad6b4f5e477eae84413b83845406&#038;utm_source=4MIDQJ&#038;utm_medium=geradorLinks&#038;utm_campaign=GeradordeLinks_APO8YJ&#038;utm_content=TAMBURELLO_CORRETORA_DE_SEGUROS&#038;origem=moto\"><br \/>\n\t\t\t\t\t\t<\/a><\/p>\n<h5>Moto<\/h5>\n<p>\t\t\t<a href=\"https:\/\/wwws.portoseguro.com.br\/vendaonline\/residencia\/home.ns?cod=f7070ccb44f642239cc44b3da4f11af0&#038;utm_source=4MIDQJ&#038;utm_medium=geradorLinks&#038;utm_campaign=GeradordeLinks_APO8YJ&#038;utm_content=TAMBURELLO_CORRETORA_DE_SEGUROS&#038;origem=residencia\"><br \/>\n\t\t\t\t\t\t<\/a><\/p>\n<h5>\n<h5 data-elementor-setting-key=\"title\" data-pen-placeholder=\"Type Here...\" style=\"font-style: normal;\">Residencial e\/ou Condom\u00ednio<\/h5>\n<\/h5>\n<p>\t\t\t<a href=\"https:\/\/portal.sulamericaseguros.com.br\/seguroviagem.htm?ref=eyJkYWRvc1Byb2R1Y2FvIjp7IkFBIjoiMzUwOTAiLCJBViI6IjAiLCJFQSI6IjcwMzE0IiwiRVYiOiIzMDMwODU3IiwidW9wRW1pc3NhbyI6IjYwIiwidW9wTmVnb2NpbyI6IjU2MTEifSwiY29ycmV0b3JOb21lIjoiVGFtYnVyZWxsbyBDb3JyZXRvcmEgZGUgU2VndXJvcyIsImlkQ29ycmV0b3IiOjEyNDM3MywicGVyY2VudHVhbENvcnJldGFnZW0iOlt7InBlcmNlbnR1YWxDb3JyZXRhZ2VtIjoiMTAuMDAifSx7InBlcmNlbnR1YWxBZ2VuY2lhbWVudG8iOiIwLjAwIn0seyJwZXJjZW50dWFsUHJlc3RhY2FvU2VydmljbyI6IjAuMDAifSx7ImluZGV4T3BjYW8iOiIxIn1dLCJub21lUHJvbW90b3IiOiIiLCJpbWdDb3JyZXRvciI6Imh0dHBzOi8vY29ycmV0b3Iuc3VsYW1lcmljYXNlZ3Vyb3MuY29tLmJyL2RhdGEvZmlsZXMvNzIvMDQvMEEvQzQvNzQ4MDg3MTBGMTBBOTc3NzI5NDYxNkE4L2N1c3RvbWNvbG9yX2xvZ28ucG5nIn0=\"><br \/>\n\t\t\t\t\t\t<\/a><\/p>\n<h5>Seguro Viagem Sul Am\u00e9rica<\/h5>\n<p>\t\t\t<a href=\"https:\/\/wwws.portoseguro.com.br\/vendaonline\/viagem\/home.ns?cod=a2faa81aab264b0f9171f644cfa70730&#038;utm_source=4MIDQJ&#038;utm_medium=geradorLinks&#038;utm_campaign=GeradordeLinks_APO8YJ&#038;utm_content=TAMBURELLO_CORRETORA_DE_SEGUROS&#038;origem=viagem\"><br \/>\n\t\t\t\t\t\t<\/a><\/p>\n<h5>Seguro Viagem Porto Seguro<\/h5>\n<p>\t\t\t<a href=\"https:\/\/wwws.portoseguro.com.br\/vendaonline\/equipamentosportateis\/home.ns?cod=aec57422978e45ba8247e49a134c3fcb&#038;utm_source=4MIDQJ&#038;utm_medium=geradorLinks&#038;utm_campaign=GeradordeLinks_APO8YJ&#038;utm_content=TAMBURELLO_CORRETORA_DE_SEGUROS&#038;origem=portateis\"><br \/>\n\t\t\t\t\t\t<\/a><\/p>\n<h5>Equipamentos port\u00e1teis<\/h5>\n<p>\t\t\t<a href=\"http:\/\/sulamericaodonto.com.br\/silvioglei\"><br \/>\n\t\t\t\t\t\t<\/a><\/p>\n<h5>Odontologia<\/h5>\n<p>\t\t\t<a href=\"https:\/\/wwws.portoseguro.com.br\/vendaonline\/vidamaissimples\/home.ns?cod=543960211e0649a7affb9dfe9667a035&#038;utm_source=4MIDQJ&#038;utm_medium=geradorLinks&#038;utm_campaign=GeradordeLinks_APO8YJ&#038;utm_content=TAMBURELLO_CORRETORA_DE_SEGUROS&#038;origem=vida\"><br \/>\n\t\t\t\t\t\t<\/a><\/p>\n<h5>Seguro de VIDA<\/h5>\n<p>\t\t\t<a href=\"https:\/\/wwws.portoseguro.com.br\/vendaonline\/rastreador\/home.ns?susepw=4MIDQJ&#038;utm_campaign=GeradordeLinks_APO8YJ&#038;utm_content=TAMBURELLO_CORRETORA_DE_SEGUROS&#038;origem=rastreador\"><br \/>\n\t\t\t\t\t\t<\/a><\/p>\n<h5>Rastreador<\/h5>\n<p>\t\t\t<a href=\"http:\/\/tamburellocorretora.orama.com.br\"><br \/>\n\t\t\t\t\t\t<\/a><\/p>\n<h5>Investimentos<\/h5>\n<p>\t\t\t<a href=\"https:\/\/www.parceirosportoconsorcio.com.br\/silvio_glei_rodrigues_de\/tamburello_consorcios\/\"><br \/>\n\t\t\t\t\t\t<\/a><\/p>\n<h5>Cons\u00f3rcio auto ou casa<\/h5>\n<p>\t\t\t<a href=\"https:\/\/www.parceirosportoconsorcio.com.br\/silvio_glei_rodrigues_de\/tamburelloconsorciospesado\/\"><br \/>\n\t\t\t\t\t\t<\/a><\/p>\n<h5>Cons\u00f3rcio de pesados<\/h5>\n<p>\t\t\t<a href=\"https:\/\/tamburelloseguros.com.br\/?page_id=16\"><br \/>\n\t\t\t\t\t\t<\/a><br \/>\n\t\t\t<a href=\"http:\/\/api.whatsapp.com\/send?1=pt_BR&#038;phone=5511987580000\"><br \/>\n\t\t\t\t\t\t<\/a><\/p>\n<h4>Deixe seus dados<\/h4>\n<h2>N\u00f3s te ligamos<\/h2>\n<div class=\"wpforms-container \" id=\"wpforms-4\"><form id=\"wpforms-form-4\" class=\"wpforms-validate wpforms-form\" data-formid=\"4\" method=\"post\" enctype=\"multipart\/form-data\" action=\"\/index.php?rest_route=%2Fwp%2Fv2%2Fpages%2F12\" data-token=\"173eca8009dad2e12ea10b3cfdff6e76\"><noscript class=\"wpforms-error-noscript\">Please enable JavaScript in your browser to complete this form.<\/noscript><div class=\"wpforms-field-container\"><div id=\"wpforms-4-field_0-container\" class=\"wpforms-field wpforms-field-name\" data-field-id=\"0\"><label class=\"wpforms-field-label wpforms-label-hide\" for=\"wpforms-4-field_0\">Nome <span class=\"wpforms-required-label\">*<\/span><\/label><input type=\"text\" id=\"wpforms-4-field_0\" class=\"wpforms-field-large wpforms-field-required\" name=\"wpforms[fields][0]\" placeholder=\"Nome*\" required><\/div><div id=\"wpforms-4-field_1-container\" class=\"wpforms-field wpforms-field-email\" data-field-id=\"1\"><label class=\"wpforms-field-label wpforms-label-hide\" for=\"wpforms-4-field_1\">Email <span class=\"wpforms-required-label\">*<\/span><\/label><input type=\"email\" id=\"wpforms-4-field_1\" class=\"wpforms-field-large wpforms-field-required\" name=\"wpforms[fields][1]\" placeholder=\"Email*\" required><\/div><div id=\"wpforms-4-field_3-container\" class=\"wpforms-field wpforms-field-number\" data-field-id=\"3\"><label class=\"wpforms-field-label wpforms-label-hide\" for=\"wpforms-4-field_3\">(DDD) telefone <span class=\"wpforms-required-label\">*<\/span><\/label><input type=\"number\" pattern=\"\\d*\" id=\"wpforms-4-field_3\" class=\"wpforms-field-large wpforms-field-required\" name=\"wpforms[fields][3]\" placeholder=\"(DDD) telefone*\" required><\/div><div id=\"wpforms-4-field_13-container\" class=\"wpforms-field wpforms-field-select wpforms-field-select-style-classic\" data-field-id=\"13\"><label class=\"wpforms-field-label\" for=\"wpforms-4-field_13\">Produtos<\/label><select id=\"wpforms-4-field_13\" class=\"wpforms-field-medium\" name=\"wpforms[fields][13]\"><option value=\"\" ><\/option><option value=\"Autom\u00f3vel\" >Autom\u00f3vel<\/option><option value=\"Moto\" >Moto<\/option><option value=\"Residencial\" >Residencial<\/option><option value=\"Empresarial\" >Empresarial<\/option><option value=\"Seguro de vida\" >Seguro de vida<\/option><option value=\"Planos de sa\u00fade\" >Planos de sa\u00fade<\/option><option value=\"Cr\u00e9dito e\/ou cons\u00f3rcio\" >Cr\u00e9dito e\/ou cons\u00f3rcio<\/option><option value=\"Seguro N\u00e1utico\" >Seguro N\u00e1utico<\/option><option value=\"Outros\" >Outros<\/option><\/select><div class=\"wpforms-field-description\">Qual produto deseja uma cota\u00e7\u00e3o?<\/div><\/div><\/div><div class=\"wpforms-field wpforms-field-hp\"><label for=\"wpforms-4-field-hp\" class=\"wpforms-field-label\">Name<\/label><input type=\"text\" name=\"wpforms[hp]\" id=\"wpforms-4-field-hp\" class=\"wpforms-field-medium\"><\/div><div class=\"wpforms-submit-container\" ><input type=\"hidden\" name=\"wpforms[id]\" value=\"4\"><input type=\"hidden\" name=\"wpforms[author]\" value=\"1\"><button type=\"submit\" name=\"wpforms[submit]\" class=\"wpforms-submit \" id=\"wpforms-submit-4\" value=\"wpforms-submit\" aria-live=\"assertive\" data-alt-text=\"Enviando...\" data-submit-text=\"Me liga\">Me liga<\/button><\/div><\/form><\/div>  <!-- .wpforms-container -->\n","protected":false},"excerpt":{"rendered":"<p>Ainda est\u00e1 da d\u00favida? Fale com um de nossos especialistas Fa\u00e7a voc\u00ea mesmo a sua cota\u00e7\u00e3o Autom\u00f3vel Moto Residencial e\/ou Condom\u00ednio Seguro Viagem Sul Am\u00e9rica Seguro Viagem Porto Seguro Equipamentos port\u00e1teis Odontologia Seguro de VIDA Rastreador Investimentos Cons\u00f3rcio auto ou casa Cons\u00f3rcio de pesados Deixe seus dados N\u00f3s te ligamos<\/p>\n","protected":false},"author":1,"featured_media":0,"parent":0,"menu_order":0,"comment_status":"closed","ping_status":"closed","template":"","meta":{"footnotes":""},"_links":{"self":[{"href":"https:\/\/tamburelloseguros.com.br\/index.php?rest_route=\/wp\/v2\/pages\/12"}],"collection":[{"href":"https:\/\/tamburelloseguros.com.br\/index.php?rest_route=\/wp\/v2\/pages"}],"about":[{"href":"https:\/\/tamburelloseguros.com.br\/index.php?rest_route=\/wp\/v2\/types\/page"}],"author":[{"embeddable":true,"href":"https:\/\/tamburelloseguros.com.br\/index.php?rest_route=\/wp\/v2\/users\/1"}],"replies":[{"embeddable":true,"href":"https:\/\/tamburelloseguros.com.br\/index.php?rest_route=%2Fwp%2Fv2%2Fcomments&post=12"}],"version-history":[{"count":37,"href":"https:\/\/tamburelloseguros.com.br\/index.php?rest_route=\/wp\/v2\/pages\/12\/revisions"}],"predecessor-version":[{"id":961,"href":"https:\/\/tamburelloseguros.com.br\/index.php?rest_route=\/wp\/v2\/pages\/12\/revisions\/961"}],"wp:attachment":[{"href":"https:\/\/tamburelloseguros.com.br\/index.php?rest_route=%2Fwp%2Fv2%2Fmedia&parent=12"}],"curies":[{"name":"wp","href":"https:\/\/api.w.org\/{rel}","templated":true}]}}