{"id":127,"date":"2018-08-27T12:15:15","date_gmt":"2018-08-27T15:15:15","guid":{"rendered":"http:\/\/tamburelloseguros.com.br\/?page_id=127"},"modified":"2024-02-19T23:26:23","modified_gmt":"2024-02-20T02:26:23","slug":"inicio","status":"publish","type":"page","link":"https:\/\/tamburelloseguros.com.br\/","title":{"rendered":"In\u00edcio"},"content":{"rendered":"<style>\/*! elementor - v3.6.0 - 21-03-2022 *\/\n.elementor-widget-image{text-align:center}.elementor-widget-image a{display:inline-block}.elementor-widget-image a img[src$=\".svg\"]{width:48px}.elementor-widget-image img{vertical-align:middle;display:inline-block}<\/style>\n<p>\t\t\t\t\t\t\t\t\t\t\t\t<img decoding=\"async\" width=\"1267\" height=\"210\" src=\"http:\/\/tamburelloseguros.com.br\/wp-content\/uploads\/2024\/02\/logo1.png\" alt=\"\" loading=\"lazy\" srcset=\"https:\/\/tamburelloseguros.com.br\/wp-content\/uploads\/2024\/02\/logo1.png 1267w, https:\/\/tamburelloseguros.com.br\/wp-content\/uploads\/2024\/02\/logo1-300x50.png 300w, https:\/\/tamburelloseguros.com.br\/wp-content\/uploads\/2024\/02\/logo1-1024x170.png 1024w, https:\/\/tamburelloseguros.com.br\/wp-content\/uploads\/2024\/02\/logo1-768x127.png 768w\" sizes=\"(max-width: 1267px) 100vw, 1267px\" \/>\t\t\t\t\t\t\t\t\t\t\t\t\t\t\t<\/p>\n<nav data-trigger=\"hover\">\n<ul id=\"menu-1-2263a10\">\n<li><a href=\"https:\/\/tamburelloseguros.com.br\/\">Inicio<\/a><\/li>\n<li><a href=\"https:\/\/tamburelloseguros.com.br\/?page_id=12\">Seguros<\/a>\n<ul>\n<li><a href=\"https:\/\/tamburelloseguros.com.br\/?page_id=12\">Seu patrim\u00f4nio<\/a>\n<ul>\n<li><a href=\"https:\/\/tamburelloseguros.com.br\/?page_id=1004\">Autom\u00f3vel<\/a><\/li>\n<li><a href=\"https:\/\/tamburelloseguros.com.br\/?page_id=1042\">Moto<\/a><\/li>\n<li><a href=\"https:\/\/tamburelloseguros.com.br\/?page_id=1044\">Van ou Caminh\u00e3o<\/a><\/li>\n<li><a href=\"https:\/\/tamburelloseguros.com.br\/?page_id=1046\">Casa ou Apartamento<\/a><\/li>\n<li><a href=\"https:\/\/tamburelloseguros.com.br\/?page_id=1048\">Barco ou Lancha<\/a><\/li>\n<li><a href=\"https:\/\/tamburelloseguros.com.br\/?page_id=1106\">Jet sky<\/a><\/li>\n<\/ul>\n<\/li>\n<li><a href=\"https:\/\/tamburelloseguros.com.br\/?page_id=12\">Seus neg\u00f3cios<\/a><\/li>\n<li><a href=\"https:\/\/tamburelloseguros.com.br\/?cat=1\">Sua fam\u00edlia<\/a>\n<ul>\n<li><a href=\"https:\/\/tamburelloseguros.com.br\/?page_id=1178\">Seguro de Vida<\/a><\/li>\n<li><a href=\"https:\/\/tamburelloseguros.com.br\/?page_id=1193\">Previd\u00eancia Privada Complementar<\/a><\/li>\n<\/ul>\n<\/li>\n<li><a href=\"https:\/\/tamburelloseguros.com.br\/?page_id=887\">Sa\u00fade e Odonto<\/a><\/li>\n<li><a href=\"https:\/\/tamburelloseguros.com.br\/?page_id=1213\">Seu pet<\/a><\/li>\n<\/ul>\n<\/li>\n<li><a href=\"https:\/\/tamburelloseguros.com.br\/?page_id=128\">Seguradoras<\/a><\/li>\n<li><a href=\"https:\/\/tamburelloseguros.com.br\/?page_id=16\">Contato<\/a><\/li>\n<\/ul>\n<\/nav>\n<nav>\n<ul id=\"mobile-menu-2-2263a10\">\n<li><a href=\"https:\/\/tamburelloseguros.com.br\/\">Inicio<\/a><\/li>\n<li><a href=\"https:\/\/tamburelloseguros.com.br\/?page_id=12\">Seguros<\/a>\n<ul>\n<li><a href=\"https:\/\/tamburelloseguros.com.br\/?page_id=12\">Seu patrim\u00f4nio<\/a>\n<ul>\n<li><a href=\"https:\/\/tamburelloseguros.com.br\/?page_id=1004\">Autom\u00f3vel<\/a><\/li>\n<li><a href=\"https:\/\/tamburelloseguros.com.br\/?page_id=1042\">Moto<\/a><\/li>\n<li><a href=\"https:\/\/tamburelloseguros.com.br\/?page_id=1044\">Van ou Caminh\u00e3o<\/a><\/li>\n<li><a href=\"https:\/\/tamburelloseguros.com.br\/?page_id=1046\">Casa ou Apartamento<\/a><\/li>\n<li><a href=\"https:\/\/tamburelloseguros.com.br\/?page_id=1048\">Barco ou Lancha<\/a><\/li>\n<li><a href=\"https:\/\/tamburelloseguros.com.br\/?page_id=1106\">Jet sky<\/a><\/li>\n<\/ul>\n<\/li>\n<li><a href=\"https:\/\/tamburelloseguros.com.br\/?page_id=12\">Seus neg\u00f3cios<\/a><\/li>\n<li><a href=\"https:\/\/tamburelloseguros.com.br\/?cat=1\">Sua fam\u00edlia<\/a>\n<ul>\n<li><a href=\"https:\/\/tamburelloseguros.com.br\/?page_id=1178\">Seguro de Vida<\/a><\/li>\n<li><a href=\"https:\/\/tamburelloseguros.com.br\/?page_id=1193\">Previd\u00eancia Privada Complementar<\/a><\/li>\n<\/ul>\n<\/li>\n<li><a href=\"https:\/\/tamburelloseguros.com.br\/?page_id=887\">Sa\u00fade e Odonto<\/a><\/li>\n<li><a href=\"https:\/\/tamburelloseguros.com.br\/?page_id=1213\">Seu pet<\/a><\/li>\n<\/ul>\n<\/li>\n<li><a href=\"https:\/\/tamburelloseguros.com.br\/?page_id=128\">Seguradoras<\/a><\/li>\n<li><a href=\"https:\/\/tamburelloseguros.com.br\/?page_id=16\">Contato<\/a><\/li>\n<\/ul>\n<\/nav>\n<style>\/*! elementor - v3.6.0 - 21-03-2022 *\/\n.elementor-heading-title{padding:0;margin:0;line-height:1}.elementor-widget-heading .elementor-heading-title[class*=elementor-size-]>a{color:inherit;font-size:inherit;line-height:inherit}.elementor-widget-heading .elementor-heading-title.elementor-size-small{font-size:15px}.elementor-widget-heading .elementor-heading-title.elementor-size-medium{font-size:19px}.elementor-widget-heading .elementor-heading-title.elementor-size-large{font-size:29px}.elementor-widget-heading .elementor-heading-title.elementor-size-xl{font-size:39px}.elementor-widget-heading .elementor-heading-title.elementor-size-xxl{font-size:59px}<\/style>\n<h4>Consultoria e Administra\u00e7\u00e3o do seu seguro com as melhores seguradoras<\/h4>\n<h6>Fa\u00e7a sua cota\u00e7\u00e3o ou chame no whatsapp<\/h6>\n<p>Assegure sua tranquilidade. Temos parceiria com as melhores seguradoras<\/p>\n<style>\/*! elementor - v3.6.0 - 21-03-2022 *\/\n.elementor-widget-social-icons.elementor-grid-0 .elementor-widget-container,.elementor-widget-social-icons.elementor-grid-mobile-0 .elementor-widget-container,.elementor-widget-social-icons.elementor-grid-tablet-0 .elementor-widget-container{line-height:1;font-size:0}.elementor-widget-social-icons:not(.elementor-grid-0):not(.elementor-grid-tablet-0):not(.elementor-grid-mobile-0) .elementor-grid{display:inline-grid}.elementor-widget-social-icons .elementor-grid{grid-column-gap:var(--grid-column-gap,5px);grid-row-gap:var(--grid-row-gap,5px);grid-template-columns:var(--grid-template-columns);-webkit-box-pack:var(--justify-content,center);-ms-flex-pack:var(--justify-content,center);justify-content:var(--justify-content,center);justify-items:var(--justify-content,center)}.elementor-icon.elementor-social-icon{font-size:var(--icon-size,25px);line-height:var(--icon-size,25px);width:calc(var(--icon-size, 25px) + (2 * var(--icon-padding, .5em)));height:calc(var(--icon-size, 25px) + (2 * var(--icon-padding, .5em)))}.elementor-social-icon{--e-social-icon-icon-color:#fff;display:-webkit-inline-box;display:-ms-inline-flexbox;display:inline-flex;background-color:#818a91;-webkit-box-align:center;-ms-flex-align:center;align-items:center;-webkit-box-pack:center;-ms-flex-pack:center;justify-content:center;text-align:center;cursor:pointer}.elementor-social-icon i{color:var(--e-social-icon-icon-color)}.elementor-social-icon svg{fill:var(--e-social-icon-icon-color)}.elementor-social-icon:last-child{margin:0}.elementor-social-icon:hover{opacity:.9;color:#fff}.elementor-social-icon-android{background-color:#a4c639}.elementor-social-icon-apple{background-color:#999}.elementor-social-icon-behance{background-color:#1769ff}.elementor-social-icon-bitbucket{background-color:#205081}.elementor-social-icon-codepen{background-color:#000}.elementor-social-icon-delicious{background-color:#39f}.elementor-social-icon-deviantart{background-color:#05cc47}.elementor-social-icon-digg{background-color:#005be2}.elementor-social-icon-dribbble{background-color:#ea4c89}.elementor-social-icon-elementor{background-color:#d30c5c}.elementor-social-icon-envelope{background-color:#ea4335}.elementor-social-icon-facebook,.elementor-social-icon-facebook-f{background-color:#3b5998}.elementor-social-icon-flickr{background-color:#0063dc}.elementor-social-icon-foursquare{background-color:#2d5be3}.elementor-social-icon-free-code-camp,.elementor-social-icon-freecodecamp{background-color:#006400}.elementor-social-icon-github{background-color:#333}.elementor-social-icon-gitlab{background-color:#e24329}.elementor-social-icon-globe{background-color:#818a91}.elementor-social-icon-google-plus,.elementor-social-icon-google-plus-g{background-color:#dd4b39}.elementor-social-icon-houzz{background-color:#7ac142}.elementor-social-icon-instagram{background-color:#262626}.elementor-social-icon-jsfiddle{background-color:#487aa2}.elementor-social-icon-link{background-color:#818a91}.elementor-social-icon-linkedin,.elementor-social-icon-linkedin-in{background-color:#0077b5}.elementor-social-icon-medium{background-color:#00ab6b}.elementor-social-icon-meetup{background-color:#ec1c40}.elementor-social-icon-mixcloud{background-color:#273a4b}.elementor-social-icon-odnoklassniki{background-color:#f4731c}.elementor-social-icon-pinterest{background-color:#bd081c}.elementor-social-icon-product-hunt{background-color:#da552f}.elementor-social-icon-reddit{background-color:#ff4500}.elementor-social-icon-rss{background-color:#f26522}.elementor-social-icon-shopping-cart{background-color:#4caf50}.elementor-social-icon-skype{background-color:#00aff0}.elementor-social-icon-slideshare{background-color:#0077b5}.elementor-social-icon-snapchat{background-color:#fffc00}.elementor-social-icon-soundcloud{background-color:#f80}.elementor-social-icon-spotify{background-color:#2ebd59}.elementor-social-icon-stack-overflow{background-color:#fe7a15}.elementor-social-icon-steam{background-color:#00adee}.elementor-social-icon-stumbleupon{background-color:#eb4924}.elementor-social-icon-telegram{background-color:#2ca5e0}.elementor-social-icon-thumb-tack{background-color:#1aa1d8}.elementor-social-icon-tripadvisor{background-color:#589442}.elementor-social-icon-tumblr{background-color:#35465c}.elementor-social-icon-twitch{background-color:#6441a5}.elementor-social-icon-twitter{background-color:#1da1f2}.elementor-social-icon-viber{background-color:#665cac}.elementor-social-icon-vimeo{background-color:#1ab7ea}.elementor-social-icon-vk{background-color:#45668e}.elementor-social-icon-weibo{background-color:#dd2430}.elementor-social-icon-weixin{background-color:#31a918}.elementor-social-icon-whatsapp{background-color:#25d366}.elementor-social-icon-wordpress{background-color:#21759b}.elementor-social-icon-xing{background-color:#026466}.elementor-social-icon-yelp{background-color:#af0606}.elementor-social-icon-youtube{background-color:#cd201f}.elementor-social-icon-500px{background-color:#0099e5}.elementor-shape-rounded .elementor-icon.elementor-social-icon{border-radius:10%}.elementor-shape-circle .elementor-icon.elementor-social-icon{border-radius:50%}<\/style>\n<p>\t\t\t\t\t<a href=\"http:\/\/facebook.com\/tamburelloseguros\" target=\"_blank\" rel=\"noopener\"><br \/>\n\t\t\t\t\t\tFacebook<br \/>\n\t\t\t\t\t\t<svg><use xlink:href=\"#fab-facebook\" \/><\/svg>\t\t\t\t\t<\/a><br \/>\n\t\t\t\t\t<a href=\"http:\/\/instagram.com\/tamburelloseguros\" target=\"_blank\" rel=\"noopener\"><br \/>\n\t\t\t\t\t\tInstagram<br \/>\n\t\t\t\t\t\t<svg><use xlink:href=\"#fab-instagram\" \/><\/svg>\t\t\t\t\t<\/a><br \/>\n\t\t\t\t\t<a href=\"https:\/\/www.youtube.com\/channel\/UCgE4_XKoaS3mpBqO17VXPzA\" target=\"_blank\" rel=\"noopener\"><br \/>\n\t\t\t\t\t\tYoutube<br \/>\n\t\t\t\t\t\t<svg><use xlink:href=\"#fab-youtube\" \/><\/svg>\t\t\t\t\t<\/a><br \/>\n\t\t\t\t\t<a href=\"https:\/\/www.linkedin.com\/company\/69507325\" target=\"_blank\" rel=\"noopener\"><br \/>\n\t\t\t\t\t\tLinkedin<br \/>\n\t\t\t\t\t\t<svg><use xlink:href=\"#fab-linkedin\" \/><\/svg>\t\t\t\t\t<\/a><br \/>\n\t\t\t<a href=\"https:\/\/tamburelloseguros.com.br\/?page_id=16\"><br \/>\n\t\t\t<svg aria-hidden=\"true\"><use xlink:href=\"#fas-phone-volume\" \/><\/svg>\t\t\t<\/a><\/p>\n<h5>Mais de<\/h5>\n<style>\/*! elementor - v3.6.0 - 21-03-2022 *\/\n.elementor-counter .elementor-counter-number-wrapper{display:-webkit-box;display:-ms-flexbox;display:flex;font-size:69px;font-weight:600;line-height:1}.elementor-counter .elementor-counter-number-prefix,.elementor-counter .elementor-counter-number-suffix{-webkit-box-flex:1;-ms-flex-positive:1;flex-grow:1;white-space:pre-wrap}.elementor-counter .elementor-counter-number-prefix{text-align:right}.elementor-counter .elementor-counter-number-suffix{text-align:left}.elementor-counter .elementor-counter-title{text-align:center;font-size:19px;font-weight:400;line-height:2.5}<\/style>\n<p>\t\t\t\t0<br \/>\n\t\t\t\t\t\t\tSeguradoras<\/p>\n<style>\/*! elementor - v3.6.0 - 21-03-2022 *\/\n.elementor-widget-image-carousel .swiper-container{position:static}.elementor-widget-image-carousel .swiper-container .swiper-slide figure{line-height:inherit}.elementor-widget-image-carousel .swiper-slide{text-align:center}.elementor-image-carousel-wrapper:not(.swiper-container-initialized) .swiper-slide{max-width:calc(100% \/ var(--e-image-carousel-slides-to-show, 3))}<\/style>\n<figure><img decoding=\"async\" src=\"http:\/\/tamburelloseguros.com.br\/wp-content\/uploads\/2020\/10\/aliro-150x150.png\" alt=\"aliro\" \/><\/figure>\n<figure><img decoding=\"async\" src=\"http:\/\/tamburelloseguros.com.br\/wp-content\/uploads\/2020\/10\/liberty-1-150x150.jpg\" alt=\"liberty\" \/><\/figure>\n<figure><img decoding=\"async\" src=\"http:\/\/tamburelloseguros.com.br\/wp-content\/uploads\/2020\/10\/azul-150x150.png\" alt=\"azul\" \/><\/figure>\n<figure><img decoding=\"async\" src=\"http:\/\/tamburelloseguros.com.br\/wp-content\/uploads\/2020\/10\/porto.png\" alt=\"porto\" \/><\/figure>\n<figure><img decoding=\"async\" src=\"http:\/\/tamburelloseguros.com.br\/wp-content\/uploads\/2020\/10\/hdi-1-150x150.png\" alt=\"hdi\" \/><\/figure>\n<figure><img decoding=\"async\" src=\"http:\/\/tamburelloseguros.com.br\/wp-content\/uploads\/2020\/10\/suhai.png\" alt=\"suhai\" \/><\/figure>\n<figure><img decoding=\"async\" src=\"http:\/\/tamburelloseguros.com.br\/wp-content\/uploads\/2021\/03\/ITURAN-slogan-300x300-1-150x150.png\" alt=\"ITURAN-slogan-300x300\" \/><\/figure>\n<figure><img decoding=\"async\" src=\"http:\/\/tamburelloseguros.com.br\/wp-content\/uploads\/2020\/10\/bradesco-150x150.png\" alt=\"bradesco\" \/><\/figure>\n<figure><img decoding=\"async\" src=\"http:\/\/tamburelloseguros.com.br\/wp-content\/uploads\/2020\/10\/sompo.png\" alt=\"sompo\" \/><\/figure>\n<figure><img decoding=\"async\" src=\"http:\/\/tamburelloseguros.com.br\/wp-content\/uploads\/2020\/10\/zurich-1-150x150.png\" alt=\"zurich\" \/><\/figure>\n<figure><img decoding=\"async\" src=\"http:\/\/tamburelloseguros.com.br\/wp-content\/uploads\/2020\/10\/tokio.jpg\" alt=\"tokio\" \/><\/figure>\n<figure><img decoding=\"async\" src=\"http:\/\/tamburelloseguros.com.br\/wp-content\/uploads\/2020\/10\/mapfre-150x150.png\" alt=\"mapfre\" \/><\/figure>\n<figure><img decoding=\"async\" src=\"http:\/\/tamburelloseguros.com.br\/wp-content\/uploads\/2020\/10\/allianz.jpg\" alt=\"allianz\" \/><\/figure>\n<figure><img decoding=\"async\" src=\"http:\/\/tamburelloseguros.com.br\/wp-content\/uploads\/2020\/10\/sulamerica-1-150x150.png\" alt=\"sulamerica\" \/><\/figure>\n<figure><img decoding=\"async\" src=\"http:\/\/tamburelloseguros.com.br\/wp-content\/uploads\/2021\/03\/VR-Beneficios-logo-150x150.png\" alt=\"VR Benef\u00edcios logo\" \/><\/figure>\n<figure><img decoding=\"async\" src=\"http:\/\/tamburelloseguros.com.br\/wp-content\/uploads\/2020\/10\/amil.png\" alt=\"amil\" \/><\/figure>\n<figure><img decoding=\"async\" src=\"http:\/\/tamburelloseguros.com.br\/wp-content\/uploads\/2020\/10\/unimed.jpg\" alt=\"unimed\" \/><\/figure>\n<figure><img decoding=\"async\" src=\"http:\/\/tamburelloseguros.com.br\/wp-content\/uploads\/2020\/10\/Preventsenior.png\" alt=\"Preventsenior\" \/><\/figure>\n<p>\t\t\t\t\t\t<svg aria-hidden=\"true\"><use xlink:href=\"#eicon-chevron-left\" \/><\/svg>\t\t\t\t\t\tAnterior<br \/>\n\t\t\t\t\t\t<svg aria-hidden=\"true\"><use xlink:href=\"#eicon-chevron-right\" \/><\/svg>\t\t\t\t\t\tSeguinte\n\t\t\t<link rel=\"stylesheet\" href=\"https:\/\/tamburelloseguros.com.br\/wp-content\/plugins\/elementor\/assets\/css\/widget-icon-box.min.css\">\n\t\t\t\t<a href=\"https:\/\/wwws.portoseguro.com.br\/vendaonline\/automovel\/home.ns?cod=52e745729ce64ce397a7ab3b4964c00f&#038;utm_source=4MIDQJ&#038;utm_medium=geradorLinks&#038;utm_campaign=GeradordeLinks_APO8YJ&#038;utm_content=TAMBURELLO_CORRETORA_DE_SEGUROS&#038;origem=auto\"><br \/>\n\t\t\t\t<svg aria-hidden=\"true\"><use xlink:href=\"#fas-car-crash\" \/><\/svg>\t\t\t\t<\/a><\/p>\n<h4>\n\t\t\t\t\t<a href=\"https:\/\/wwws.portoseguro.com.br\/vendaonline\/automovel\/home.ns?cod=52e745729ce64ce397a7ab3b4964c00f&#038;utm_source=4MIDQJ&#038;utm_medium=geradorLinks&#038;utm_campaign=GeradordeLinks_APO8YJ&#038;utm_content=TAMBURELLO_CORRETORA_DE_SEGUROS&#038;origem=auto\" ><br \/>\n\t\t\t\t\t\taUTOM\u00d3VEL\t\t\t\t\t<\/a><br \/>\n\t\t\t\t<\/h4>\n<p>\n\t\t\t\t\t\tN\u00e3o corra risco, proteja seu patrim\u00f3nio.<\/p>\n<p><p>\n Fa\u00e7a voc\u00ea mesmo ou pe\u00e7a sua cota\u00e7\u00e3o\t\t\t\t\t<\/p>\n<p>\t\t\t\t<svg aria-hidden=\"true\"><use xlink:href=\"#fas-house-damage\" \/><\/svg>\t\t\t\t<\/p>\n<h4>\n\t\t\t\t\t\tRESIDENCIAL e\/ou CONDOM\u00cdNIO<br \/>\n\t\t\t\t<\/h4>\n<p>\n\t\t\t\t\t\tO seguro do seu im\u00f3vel ou do condom\u00ednio pode sair mais barato do que voc\u00ea imagina.<\/p>\n<p><p>\nFa\u00e7a voc\u00ea mesmo ou pe\u00e7a sua cota\u00e7\u00e3o\t\t\t\t\t<\/p>\n<p>\t\t\t\t<svg aria-hidden=\"true\"><use xlink:href=\"#fas-industry\" \/><\/svg>\t\t\t\t<\/p>\n<h4>\n\t\t\t\t\t\tEMPRESARIAL<br \/>\n\t\t\t\t<\/h4>\n<p>\n\t\t\t\t\t\tSeguro da ind\u00fastria ou do com\u00e9rcio, da f\u00e1brica ou dos equipamentos. Seja qual for o seu neg\u00f3cio, nos temos o seguro ideal<\/p>\n<p><p>\nPe\u00e7a uma cota\u00e7\u00e3o personalizada\t\t\t\t\t<\/p>\n<p>\t\t\t\t<svg aria-hidden=\"true\"><use xlink:href=\"#fas-clinic-medical\" \/><\/svg>\t\t\t\t<\/p>\n<h4>\n\t\t\t\t\t\tSA\u00daDE E ODONTO<\/p>\n<p> Individual, familiar ou Empresarial<\/p>\n<\/h4>\n<p>\n\t\t\t\t\t\tSua sa\u00fade e seu sorriso n\u00e3o podem esperar. Fale conosco\t\t\t\t\t<\/p>\n<p>\t\t\t\t<svg aria-hidden=\"true\"><use xlink:href=\"#fas-users\" \/><\/svg>\t\t\t\t<\/p>\n<h4>\n\t\t\t\t\t\tSEGURO DE VIDA<\/p>\n<p>Individual, em grupo ou Familiar<br \/>\n\t\t\t\t<\/h4>\n<p>\n\t\t\t\t\t\tSeu maior patrim\u00f4nio n\u00e3o pode fica desprotegido.<\/p>\n<p>\nSua fam\u00edlia pode depender disso\t\t\t\t\t<\/p>\n<p>\t\t\t\t<svg aria-hidden=\"true\"><use xlink:href=\"#fas-blind\" \/><\/svg>\t\t\t\t<\/p>\n<h4>\n\t\t\t\t\t\tPREVID\u00caNCIA Complementar<br \/>\n\t\t\t\t<\/h4>\n<p>\n\t\t\t\t\t\tCuide de sua aposentadoria e de sua dignidade.<\/p>\n<p>\nSeu futuro depende disso\t\t\t\t\t<\/p>\n<h5>Seu seguro n\u00e3o est\u00e1 aqui?<\/h5>\n<p>\t\t\t<a href=\"https:\/\/tamburelloseguros.com.br\/?page_id=12\" role=\"button\"><br \/>\n\t\t\t\t\t\tDEMAIS PRODUTOS<br \/>\n\t\t\t\t\t<\/a><br \/>\n\t\t\t<a href=\"http:\/\/api.whatsapp.com\/send?1=pt_BR&#038;phone=5511987580000\"><br \/>\n\t\t\t<svg aria-hidden=\"true\"><use xlink:href=\"#fab-whatsapp\" \/><\/svg>\t\t\t<\/a><br \/>\n\t\t\t\t\t\t\t\t\t\t\t\t\t\t\t<img decoding=\"async\" src=\"http:\/\/tamburelloseguros.com.br\/wp-content\/uploads\/2019\/12\/lady-accountant.png\" title=\"\" alt=\"\" \/>\t\t\t\t\t\t\t\t\t\t\t\t\t\t\t<\/p>\n<h5>Deixe seus dados<\/h5>\n<h2>Logo entraremos em contato<\/h2>\n<div class=\"wpforms-container \" id=\"wpforms-4\"><form id=\"wpforms-form-4\" class=\"wpforms-validate wpforms-form\" data-formid=\"4\" method=\"post\" enctype=\"multipart\/form-data\" action=\"\/index.php?rest_route=%2Fwp%2Fv2%2Fpages%2F127\" data-token=\"173eca8009dad2e12ea10b3cfdff6e76\"><noscript class=\"wpforms-error-noscript\">Please enable JavaScript in your browser to complete this form.<\/noscript><div class=\"wpforms-field-container\"><div id=\"wpforms-4-field_0-container\" class=\"wpforms-field wpforms-field-name\" data-field-id=\"0\"><label class=\"wpforms-field-label wpforms-label-hide\" for=\"wpforms-4-field_0\">Nome <span class=\"wpforms-required-label\">*<\/span><\/label><input type=\"text\" id=\"wpforms-4-field_0\" class=\"wpforms-field-large wpforms-field-required\" name=\"wpforms[fields][0]\" placeholder=\"Nome*\" required><\/div><div id=\"wpforms-4-field_1-container\" class=\"wpforms-field wpforms-field-email\" data-field-id=\"1\"><label class=\"wpforms-field-label wpforms-label-hide\" for=\"wpforms-4-field_1\">Email <span class=\"wpforms-required-label\">*<\/span><\/label><input type=\"email\" id=\"wpforms-4-field_1\" class=\"wpforms-field-large wpforms-field-required\" name=\"wpforms[fields][1]\" placeholder=\"Email*\" required><\/div><div id=\"wpforms-4-field_3-container\" class=\"wpforms-field wpforms-field-number\" data-field-id=\"3\"><label class=\"wpforms-field-label wpforms-label-hide\" for=\"wpforms-4-field_3\">(DDD) telefone <span class=\"wpforms-required-label\">*<\/span><\/label><input type=\"number\" pattern=\"\\d*\" id=\"wpforms-4-field_3\" class=\"wpforms-field-large wpforms-field-required\" name=\"wpforms[fields][3]\" placeholder=\"(DDD) telefone*\" required><\/div><div id=\"wpforms-4-field_13-container\" class=\"wpforms-field wpforms-field-select wpforms-field-select-style-classic\" data-field-id=\"13\"><label class=\"wpforms-field-label\" for=\"wpforms-4-field_13\">Produtos<\/label><select id=\"wpforms-4-field_13\" class=\"wpforms-field-medium\" name=\"wpforms[fields][13]\"><option value=\"\" ><\/option><option value=\"Autom\u00f3vel\" >Autom\u00f3vel<\/option><option value=\"Moto\" >Moto<\/option><option value=\"Residencial\" >Residencial<\/option><option value=\"Empresarial\" >Empresarial<\/option><option value=\"Seguro de vida\" >Seguro de vida<\/option><option value=\"Planos de sa\u00fade\" >Planos de sa\u00fade<\/option><option value=\"Cr\u00e9dito e\/ou cons\u00f3rcio\" >Cr\u00e9dito e\/ou cons\u00f3rcio<\/option><option value=\"Seguro N\u00e1utico\" >Seguro N\u00e1utico<\/option><option value=\"Outros\" >Outros<\/option><\/select><div class=\"wpforms-field-description\">Qual produto deseja uma cota\u00e7\u00e3o?<\/div><\/div><\/div><div class=\"wpforms-field wpforms-field-hp\"><label for=\"wpforms-4-field-hp\" class=\"wpforms-field-label\">Comment<\/label><input type=\"text\" name=\"wpforms[hp]\" id=\"wpforms-4-field-hp\" class=\"wpforms-field-medium\"><\/div><div class=\"wpforms-submit-container\" ><input type=\"hidden\" name=\"wpforms[id]\" value=\"4\"><input type=\"hidden\" name=\"wpforms[author]\" value=\"1\"><button type=\"submit\" name=\"wpforms[submit]\" class=\"wpforms-submit \" id=\"wpforms-submit-4\" value=\"wpforms-submit\" aria-live=\"assertive\" data-alt-text=\"Enviando...\" data-submit-text=\"Me liga\">Me liga<\/button><\/div><\/form><\/div>  <!-- .wpforms-container -->\n","protected":false},"excerpt":{"rendered":"<p>Inicio Seguros Seu patrim\u00f4nio Autom\u00f3vel Moto Van ou Caminh\u00e3o Casa ou Apartamento Barco ou Lancha Jet sky Seus neg\u00f3cios Sua fam\u00edlia Seguro de Vida Previd\u00eancia Privada Complementar Sa\u00fade e Odonto Seu pet Seguradoras Contato Inicio Seguros Seu patrim\u00f4nio Autom\u00f3vel Moto Van ou Caminh\u00e3o Casa ou Apartamento Barco ou Lancha Jet sky Seus neg\u00f3cios Sua fam\u00edlia &hellip;<\/p>\n<p class=\"read-more\"> <a class=\"\" href=\"https:\/\/tamburelloseguros.com.br\/\"> <span class=\"screen-reader-text\">In\u00edcio<\/span> Read More &raquo;<\/a><\/p>\n","protected":false},"author":1,"featured_media":0,"parent":0,"menu_order":0,"comment_status":"closed","ping_status":"closed","template":"","meta":{"footnotes":""},"_links":{"self":[{"href":"https:\/\/tamburelloseguros.com.br\/index.php?rest_route=\/wp\/v2\/pages\/127"}],"collection":[{"href":"https:\/\/tamburelloseguros.com.br\/index.php?rest_route=\/wp\/v2\/pages"}],"about":[{"href":"https:\/\/tamburelloseguros.com.br\/index.php?rest_route=\/wp\/v2\/types\/page"}],"author":[{"embeddable":true,"href":"https:\/\/tamburelloseguros.com.br\/index.php?rest_route=\/wp\/v2\/users\/1"}],"replies":[{"embeddable":true,"href":"https:\/\/tamburelloseguros.com.br\/index.php?rest_route=%2Fwp%2Fv2%2Fcomments&post=127"}],"version-history":[{"count":165,"href":"https:\/\/tamburelloseguros.com.br\/index.php?rest_route=\/wp\/v2\/pages\/127\/revisions"}],"predecessor-version":[{"id":1531,"href":"https:\/\/tamburelloseguros.com.br\/index.php?rest_route=\/wp\/v2\/pages\/127\/revisions\/1531"}],"wp:attachment":[{"href":"https:\/\/tamburelloseguros.com.br\/index.php?rest_route=%2Fwp%2Fv2%2Fmedia&parent=127"}],"curies":[{"name":"wp","href":"https:\/\/api.w.org\/{rel}","templated":true}]}}