{"id":128,"date":"2018-08-27T12:15:55","date_gmt":"2018-08-27T15:15:55","guid":{"rendered":"http:\/\/tamburelloseguros.com.br\/?page_id=128"},"modified":"2021-03-23T21:41:55","modified_gmt":"2021-03-24T00:41:55","slug":"seguradoras","status":"publish","type":"page","link":"https:\/\/tamburelloseguros.com.br\/?page_id=128","title":{"rendered":"Seguradoras"},"content":{"rendered":"<h5>Parceiria com as melhores<\/h5>\n<h1>Seguradoras<\/h1>\n<p>\t\t\t\t\t\t\t\t\t\t<img decoding=\"async\" width=\"550\" height=\"470\" src=\"http:\/\/tamburelloseguros.com.br\/wp-content\/uploads\/2021\/03\/anime_Customcolor.gif\" alt=\"\" loading=\"lazy\" \/><br \/>\n\t\t\t<a href=\"https:\/\/tamburelloseguros.com.br\/?page_id=16\"><br \/>\n\t\t\t\t\t\t<\/a><br \/>\n\t\t\t<a href=\"http:\/\/api.whatsapp.com\/send?1=pt_BR&#038;phone=5511987580000\"><br \/>\n\t\t\t\t\t\t<\/a><\/p>\n<h6>Para o meu seguro<\/h6>\n<h2>As melhores Seguradoras<\/h2>\n<h4>Um seleto grupo de Seguradoras para cada seguimento de seguro<\/h4>\n<p>Com o objetivo de proporcionar comodidade aos nossos segurados, a Tamburello Corretora de Seguros oferece a maior gama de Seguradoras para cada produto.<\/p>\n<p>Assim, garantimos os melhores servi\u00e7os alinhado ao menor custo do mercado e a satisfa\u00e7\u00e3o de nossos clientes.<\/p>\n<figure><img decoding=\"async\" src=\"http:\/\/tamburelloseguros.com.br\/wp-content\/uploads\/2020\/10\/aliro.png\" alt=\"aliro\" \/><\/figure>\n<figure><img decoding=\"async\" src=\"http:\/\/tamburelloseguros.com.br\/wp-content\/uploads\/2020\/10\/liberty-1.jpg\" alt=\"liberty\" \/><\/figure>\n<figure><img decoding=\"async\" src=\"http:\/\/tamburelloseguros.com.br\/wp-content\/uploads\/2020\/10\/azul.png\" alt=\"azul\" \/><\/figure>\n<figure><img decoding=\"async\" src=\"http:\/\/tamburelloseguros.com.br\/wp-content\/uploads\/2020\/10\/porto.png\" alt=\"porto\" \/><\/figure>\n<figure><img decoding=\"async\" src=\"http:\/\/tamburelloseguros.com.br\/wp-content\/uploads\/2020\/10\/hdi-1.png\" alt=\"hdi\" \/><\/figure>\n<figure><img decoding=\"async\" src=\"http:\/\/tamburelloseguros.com.br\/wp-content\/uploads\/2020\/10\/suhai.png\" alt=\"suhai\" \/><\/figure>\n<figure><img decoding=\"async\" src=\"http:\/\/tamburelloseguros.com.br\/wp-content\/uploads\/2021\/03\/ITURAN-slogan-300x300-1.png\" alt=\"ITURAN-slogan-300x300\" \/><\/figure>\n<figure><img decoding=\"async\" src=\"http:\/\/tamburelloseguros.com.br\/wp-content\/uploads\/2021\/03\/VR-Beneficios-logo.png\" alt=\"VR Benef\u00edcios logo\" \/><\/figure>\n<figure><img decoding=\"async\" src=\"http:\/\/tamburelloseguros.com.br\/wp-content\/uploads\/2020\/10\/bradesco.png\" alt=\"bradesco\" \/><\/figure>\n<figure><img decoding=\"async\" src=\"http:\/\/tamburelloseguros.com.br\/wp-content\/uploads\/2020\/10\/sulamerica-1.png\" alt=\"sulamerica\" \/><\/figure>\n<figure><img decoding=\"async\" src=\"http:\/\/tamburelloseguros.com.br\/wp-content\/uploads\/2020\/10\/tokio.jpg\" alt=\"tokio\" \/><\/figure>\n<figure><img decoding=\"async\" src=\"http:\/\/tamburelloseguros.com.br\/wp-content\/uploads\/2020\/10\/sompo.png\" alt=\"sompo\" \/><\/figure>\n<figure><img decoding=\"async\" src=\"http:\/\/tamburelloseguros.com.br\/wp-content\/uploads\/2020\/10\/zurich.png\" alt=\"zurich\" \/><\/figure>\n<figure><img decoding=\"async\" src=\"http:\/\/tamburelloseguros.com.br\/wp-content\/uploads\/2020\/10\/mapfre.png\" alt=\"mapfre\" \/><\/figure>\n<figure><img decoding=\"async\" src=\"http:\/\/tamburelloseguros.com.br\/wp-content\/uploads\/2020\/10\/allianz.jpg\" alt=\"allianz\" \/><\/figure>\n<figure><img decoding=\"async\" src=\"http:\/\/tamburelloseguros.com.br\/wp-content\/uploads\/2020\/10\/amil.png\" alt=\"amil\" \/><\/figure>\n<figure><img decoding=\"async\" src=\"http:\/\/tamburelloseguros.com.br\/wp-content\/uploads\/2020\/10\/unimed.jpg\" alt=\"unimed\" \/><\/figure>\n<figure><img decoding=\"async\" src=\"http:\/\/tamburelloseguros.com.br\/wp-content\/uploads\/2020\/10\/Preventsenior.png\" alt=\"Preventsenior\" \/><\/figure>\n<p>\t\t\t\t\t\tAnterior<br \/>\n\t\t\t\t\t\tSeguinte<\/p>\n","protected":false},"excerpt":{"rendered":"<p>Parceiria com as melhores Seguradoras Para o meu seguro As melhores Seguradoras Um seleto grupo de Seguradoras para cada seguimento de seguro Com o objetivo de proporcionar comodidade aos nossos segurados, a Tamburello Corretora de Seguros oferece a maior gama de Seguradoras para cada produto. Assim, garantimos os melhores servi\u00e7os alinhado ao menor custo do &hellip;<\/p>\n<p class=\"read-more\"> <a class=\"\" href=\"https:\/\/tamburelloseguros.com.br\/?page_id=128\"> <span class=\"screen-reader-text\">Seguradoras<\/span> Read More &raquo;<\/a><\/p>\n","protected":false},"author":1,"featured_media":0,"parent":0,"menu_order":0,"comment_status":"closed","ping_status":"closed","template":"","meta":{"footnotes":""},"_links":{"self":[{"href":"https:\/\/tamburelloseguros.com.br\/index.php?rest_route=\/wp\/v2\/pages\/128"}],"collection":[{"href":"https:\/\/tamburelloseguros.com.br\/index.php?rest_route=\/wp\/v2\/pages"}],"about":[{"href":"https:\/\/tamburelloseguros.com.br\/index.php?rest_route=\/wp\/v2\/types\/page"}],"author":[{"embeddable":true,"href":"https:\/\/tamburelloseguros.com.br\/index.php?rest_route=\/wp\/v2\/users\/1"}],"replies":[{"embeddable":true,"href":"https:\/\/tamburelloseguros.com.br\/index.php?rest_route=%2Fwp%2Fv2%2Fcomments&post=128"}],"version-history":[{"count":46,"href":"https:\/\/tamburelloseguros.com.br\/index.php?rest_route=\/wp\/v2\/pages\/128\/revisions"}],"predecessor-version":[{"id":998,"href":"https:\/\/tamburelloseguros.com.br\/index.php?rest_route=\/wp\/v2\/pages\/128\/revisions\/998"}],"wp:attachment":[{"href":"https:\/\/tamburelloseguros.com.br\/index.php?rest_route=%2Fwp%2Fv2%2Fmedia&parent=128"}],"curies":[{"name":"wp","href":"https:\/\/api.w.org\/{rel}","templated":true}]}}