{"id":887,"date":"2021-02-12T14:05:15","date_gmt":"2021-02-12T17:05:15","guid":{"rendered":"http:\/\/tamburelloseguros.com.br\/?page_id=887"},"modified":"2021-02-12T14:31:47","modified_gmt":"2021-02-12T17:31:47","slug":"saude-odonto","status":"publish","type":"page","link":"https:\/\/tamburelloseguros.com.br\/?page_id=887","title":{"rendered":"saude-odonto"},"content":{"rendered":"<h5>Voc\u00ea est\u00e1 pronto pra cuidar da sua sa\u00fade?<\/h5>\n<h1>N\u00f3s estamos<\/h1>\n<h5>A Tamburello Corretora de Seguros, pensando no perfil do seu cliente, oferece o que h\u00e1 de melhor em sa\u00fade corporal e odonto, seja individual, familiar ou empresarial<\/h5>\n<h2>Seguros mais comuns<\/h2>\n<p>\t\t\t<a href=\"#\" role=\"button\"><br \/>\n\t\t\t\t\t\tPLANOS DE SA\u00daDE<br \/>\n\t\t\t\t\t<\/a><br \/>\n\t\t\t<a href=\"#\" role=\"button\"><br \/>\n\t\t\t\t\t\tPLANOS ODONTOL\u00d3GICOS<br \/>\n\t\t\t\t\t<\/a><\/p>\n<h4>\n\t\t\t\t\taUTOM\u00d3VEL<br \/>\n\t\t\t\t<\/h4>\n<p>N\u00e3o corra risco, proteja seu patrim\u00f3nio.<\/p>\n<p><p>\nSeguro do carro<br \/>\nSeguro da moto\/jetski<br \/>\nSeguro do  barco\/lancha<b><\/p>\n<p>\n Fa\u00e7a voc\u00ea mesmo ou pe\u00e7a sua cota\u00e7\u00e3o\n<\/p>\n<h4>\n\t\t\t\t\tRESIDENCIAL<br \/>\n\t\t\t\t<\/h4>\n<p>O seguro do seu im\u00f3vel pode sair mais barato do que voc\u00ea imagina.<\/p>\n<p><p>\nSeguro da casa<br \/>\nSeguro do apartamento<\/p>\n<p>\n<b><br \/>\nFa\u00e7a voc\u00ea mesmo ou pe\u00e7a sua cota\u00e7\u00e3o<\/p>\n<h4>\n\t\t\t\t\tFian\u00e7a locat\u00edcia<br \/>\n\t\t\t\t<\/h4>\n<p>Aluguel sem burocracia ou dor de cabe\u00e7a, seja voc\u00ea o locador ou locat\u00e1rio<\/p>\n<p><p>\nIm\u00f3vel residencial<br \/>\nIm\u00f3vel comercial<br \/>\n<\/p>\n<p>\n<b><br \/>\nFale com um de nossos representantes<\/p>\n<h4>\n\t\t\t\t\tSA\u00daDE E ODONTO<br \/>\n\t\t\t\t<\/h4>\n<p>Planos individuais ou familiar, pra quem busca qualidade sem fugir do or\u00e7amento<\/p>\n<h4>\n\t\t\t\t\tSEGURO DE VIDA<br \/>\n\t\t\t\t<\/h4>\n<p>Individual, em grupo ou Familiar<\/p>\n<p>\nSeu maior patrim\u00f4nio n\u00e3o pode ficar sem prote\u00e7\u00e3o<\/p>\n<h4>\n\t\t\t\t\tPREVID\u00caNCIA Complementar<br \/>\n\t\t\t\t<\/h4>\n<p>Sua aposentadoria planejada<\/p>\n<p>\t\t\t<a href=\"https:\/\/tamburelloseguros.com.br\/?page_id=16\"><br \/>\n\t\t\t\t\t\t<\/a><br \/>\n\t\t\t<a href=\"http:\/\/api.whatsapp.com\/send?1=pt_BR&#038;phone=5511987580000\"><br \/>\n\t\t\t\t\t\t<\/a><br \/>\n\t\t\t\t\t\t\t\t\t\t\t\t<a href=\"\">Mostrar\/esconder #1<\/a><br \/>\n\t\t\t\t\tLorem ipsum dolor sit amet, consectetur adipiscing elit. Ut elit tellus, luctus nec ullamcorper mattis, pulvinar dapibus leo.<br \/>\n\t\t\t\t\t\t\t\t\t\t\t\t<a href=\"\">Mostrar\/esconder #2<\/a><br \/>\n\t\t\t\t\tLorem ipsum dolor sit amet, consectetur adipiscing elit. Ut elit tellus, luctus nec ullamcorper mattis, pulvinar dapibus leo.<\/p>\n<h4>Deixe seus dados<\/h4>\n<h2>N\u00f3s te ligamos<\/h2>\n<div class=\"wpforms-container \" id=\"wpforms-4\"><form id=\"wpforms-form-4\" class=\"wpforms-validate wpforms-form\" data-formid=\"4\" method=\"post\" enctype=\"multipart\/form-data\" action=\"\/index.php?rest_route=%2Fwp%2Fv2%2Fpages%2F887\" data-token=\"173eca8009dad2e12ea10b3cfdff6e76\"><noscript class=\"wpforms-error-noscript\">Please enable JavaScript in your browser to complete this form.<\/noscript><div class=\"wpforms-field-container\"><div id=\"wpforms-4-field_0-container\" class=\"wpforms-field wpforms-field-name\" data-field-id=\"0\"><label class=\"wpforms-field-label wpforms-label-hide\" for=\"wpforms-4-field_0\">Nome <span class=\"wpforms-required-label\">*<\/span><\/label><input type=\"text\" id=\"wpforms-4-field_0\" class=\"wpforms-field-large wpforms-field-required\" name=\"wpforms[fields][0]\" placeholder=\"Nome*\" required><\/div><div id=\"wpforms-4-field_1-container\" class=\"wpforms-field wpforms-field-email\" data-field-id=\"1\"><label class=\"wpforms-field-label wpforms-label-hide\" for=\"wpforms-4-field_1\">Email <span class=\"wpforms-required-label\">*<\/span><\/label><input type=\"email\" id=\"wpforms-4-field_1\" class=\"wpforms-field-large wpforms-field-required\" name=\"wpforms[fields][1]\" placeholder=\"Email*\" required><\/div><div id=\"wpforms-4-field_3-container\" class=\"wpforms-field wpforms-field-number\" data-field-id=\"3\"><label class=\"wpforms-field-label wpforms-label-hide\" for=\"wpforms-4-field_3\">(DDD) telefone <span class=\"wpforms-required-label\">*<\/span><\/label><input type=\"number\" pattern=\"\\d*\" id=\"wpforms-4-field_3\" class=\"wpforms-field-large wpforms-field-required\" name=\"wpforms[fields][3]\" placeholder=\"(DDD) telefone*\" required><\/div><div id=\"wpforms-4-field_13-container\" class=\"wpforms-field wpforms-field-select wpforms-field-select-style-classic\" data-field-id=\"13\"><label class=\"wpforms-field-label\" for=\"wpforms-4-field_13\">Produtos<\/label><select id=\"wpforms-4-field_13\" class=\"wpforms-field-medium\" name=\"wpforms[fields][13]\"><option value=\"\" ><\/option><option value=\"Autom\u00f3vel\" >Autom\u00f3vel<\/option><option value=\"Moto\" >Moto<\/option><option value=\"Residencial\" >Residencial<\/option><option value=\"Empresarial\" >Empresarial<\/option><option value=\"Seguro de vida\" >Seguro de vida<\/option><option value=\"Planos de sa\u00fade\" >Planos de sa\u00fade<\/option><option value=\"Cr\u00e9dito e\/ou cons\u00f3rcio\" >Cr\u00e9dito e\/ou cons\u00f3rcio<\/option><option value=\"Seguro N\u00e1utico\" >Seguro N\u00e1utico<\/option><option value=\"Outros\" >Outros<\/option><\/select><div class=\"wpforms-field-description\">Qual produto deseja uma cota\u00e7\u00e3o?<\/div><\/div><\/div><div class=\"wpforms-field wpforms-field-hp\"><label for=\"wpforms-4-field-hp\" class=\"wpforms-field-label\">Phone<\/label><input type=\"text\" name=\"wpforms[hp]\" id=\"wpforms-4-field-hp\" class=\"wpforms-field-medium\"><\/div><div class=\"wpforms-submit-container\" ><input type=\"hidden\" name=\"wpforms[id]\" value=\"4\"><input type=\"hidden\" name=\"wpforms[author]\" value=\"1\"><button type=\"submit\" name=\"wpforms[submit]\" class=\"wpforms-submit \" id=\"wpforms-submit-4\" value=\"wpforms-submit\" aria-live=\"assertive\" data-alt-text=\"Enviando...\" data-submit-text=\"Me liga\">Me liga<\/button><\/div><\/form><\/div>  <!-- .wpforms-container -->\n","protected":false},"excerpt":{"rendered":"<p>Voc\u00ea est\u00e1 pronto pra cuidar da sua sa\u00fade? N\u00f3s estamos A Tamburello Corretora de Seguros, pensando no perfil do seu cliente, oferece o que h\u00e1 de melhor em sa\u00fade corporal e odonto, seja individual, familiar ou empresarial Seguros mais comuns PLANOS DE SA\u00daDE PLANOS ODONTOL\u00d3GICOS aUTOM\u00d3VEL N\u00e3o corra risco, proteja seu patrim\u00f3nio. Seguro do carro &hellip;<\/p>\n<p class=\"read-more\"> <a class=\"\" href=\"https:\/\/tamburelloseguros.com.br\/?page_id=887\"> <span class=\"screen-reader-text\">saude-odonto<\/span> Read More &raquo;<\/a><\/p>\n","protected":false},"author":1,"featured_media":0,"parent":0,"menu_order":0,"comment_status":"closed","ping_status":"closed","template":"","meta":{"footnotes":""},"_links":{"self":[{"href":"https:\/\/tamburelloseguros.com.br\/index.php?rest_route=\/wp\/v2\/pages\/887"}],"collection":[{"href":"https:\/\/tamburelloseguros.com.br\/index.php?rest_route=\/wp\/v2\/pages"}],"about":[{"href":"https:\/\/tamburelloseguros.com.br\/index.php?rest_route=\/wp\/v2\/types\/page"}],"author":[{"embeddable":true,"href":"https:\/\/tamburelloseguros.com.br\/index.php?rest_route=\/wp\/v2\/users\/1"}],"replies":[{"embeddable":true,"href":"https:\/\/tamburelloseguros.com.br\/index.php?rest_route=%2Fwp%2Fv2%2Fcomments&post=887"}],"version-history":[{"count":5,"href":"https:\/\/tamburelloseguros.com.br\/index.php?rest_route=\/wp\/v2\/pages\/887\/revisions"}],"predecessor-version":[{"id":897,"href":"https:\/\/tamburelloseguros.com.br\/index.php?rest_route=\/wp\/v2\/pages\/887\/revisions\/897"}],"wp:attachment":[{"href":"https:\/\/tamburelloseguros.com.br\/index.php?rest_route=%2Fwp%2Fv2%2Fmedia&parent=887"}],"curies":[{"name":"wp","href":"https:\/\/api.w.org\/{rel}","templated":true}]}}